{"id":2493,"date":"2020-06-23T19:59:36","date_gmt":"2020-06-23T17:59:36","guid":{"rendered":"https:\/\/neu.hahnemann-gesellschaft.de\/?page_id=2493"},"modified":"2020-06-28T22:22:23","modified_gmt":"2020-06-28T20:22:23","slug":"kontakt","status":"publish","type":"page","link":"https:\/\/neu.hahnemann-gesellschaft.de\/tr\/kontakt\/","title":{"rendered":"\u0130leti\u015fim"},"content":{"rendered":"<section class=\"l-section wpb_row height_medium\"><div class=\"l-section-h i-cf\"><div class=\"g-cols vc_row via_flex valign_top type_default stacking_default\"><div class=\"vc_col-sm-12 wpb_column vc_column_container\"><div class=\"vc_column-inner\"><div class=\"wpb_wrapper\"><div class=\"wpb_text_column\"><div class=\"wpb_wrapper\"><h1 style=\"text-align: center;\">\u0130leti\u015fim<\/h1>\n<\/div><\/div><\/div><\/div><\/div><\/div><\/div><\/section><section class=\"l-section wpb_row boxshadow height_medium color_alternate\"><div class=\"l-section-h i-cf\"><div class=\"g-cols vc_row via_flex valign_top type_default stacking_default\"><div class=\"vc_col-sm-12 wpb_column vc_column_container\"><div class=\"vc_column-inner\"><div class=\"wpb_wrapper\"><div class=\"g-cols wpb_row via_flex valign_top type_default stacking_default\"><div class=\"vc_col-sm-8 wpb_column vc_column_container\"><div class=\"vc_column-inner\"><div class=\"wpb_wrapper\"><div class=\"wpb_text_column\"><div class=\"wpb_wrapper\"><p>Herhangi bir \u00f6rg\u00fctsel sorununuz varsa, sekretaryam\u0131zla g\u00fcvenle ileti\u015fime ge\u00e7ebilirsiniz. Bayan Caro Korsch, isteklerinizi g\u00fcvenilir, bilin\u00e7li ve gizli bir \u015fekilde yerine getirir.<\/p>\n<p><a href=\"mailto:sekretariat@www.hahnemann-gesellschaft.de\">secretariat@hahnemann-association.com<\/a><\/p>\n<p>Pzt\u00a0 \u2014\u00a0 Cum<br \/>\n9:00\u00a0 \u2014 16:00<\/p>\n<p>fon 0049 611 84 20 303 (Almanca ilete\u015fim)<br \/>\nfax 0049 611 84 20 301<\/p>\n<p>Biebricher Allee 59<br \/>\n65187 Wiesbaden<br \/>\nAlmanya<\/p>\n<\/div><\/div><div class=\"wpb_text_column\"><div class=\"wpb_wrapper\"><\/div><\/div><\/div><\/div><\/div><div class=\"vc_col-sm-4 wpb_column vc_column_container has_bg_color\"><div class=\"vc_column-inner us_custom_ab00ebfb\"><div class=\"wpb_wrapper\"><div class=\"w-image align_none\"><div class=\"w-image-h\"><img loading=\"lazy\" decoding=\"async\" width=\"958\" height=\"958\" src=\"https:\/\/neu.hahnemann-gesellschaft.de\/wp-content\/uploads\/2020\/05\/caro.jpg\" class=\"attachment-large size-large\" alt=\"\" srcset=\"https:\/\/neu.hahnemann-gesellschaft.de\/wp-content\/uploads\/2020\/05\/caro.jpg 958w, https:\/\/neu.hahnemann-gesellschaft.de\/wp-content\/uploads\/2020\/05\/caro-300x300.jpg 300w, https:\/\/neu.hahnemann-gesellschaft.de\/wp-content\/uploads\/2020\/05\/caro-150x150.jpg 150w, https:\/\/neu.hahnemann-gesellschaft.de\/wp-content\/uploads\/2020\/05\/caro-600x600.jpg 600w\" sizes=\"(max-width: 958px) 100vw, 958px\" \/><\/div><\/div><div class=\"w-separator size_small\"><\/div><div class=\"wpb_text_column\"><div class=\"wpb_wrapper\"><h4>Bayan Caro Korsch<\/h4>\n<p>Sorulariniz i\u00e7in her zaman bana ula\u015fabilir, \u00f6zenle ve g\u00fcnvenilir \u015fekilde size yardimci olaca\u011fimdan emin olabilirsiniz.<\/p>\n<\/div><\/div><\/div><\/div><\/div><\/div><\/div><\/div><\/div><\/div><\/div><\/section>\n","protected":false},"excerpt":{"rendered":"\u0130leti\u015fim Herhangi bir \u00f6rg\u00fctsel sorununuz varsa, sekretaryam\u0131zla g\u00fcvenle ileti\u015fime ge\u00e7ebilirsiniz. Bayan Caro Korsch, isteklerinizi g\u00fcvenilir, bilin\u00e7li ve gizli bir \u015fekilde yerine getirir. secretariat@hahnemann-association.com Pzt\u00a0 \u2014\u00a0 Cum 9:00\u00a0 \u2014 16:00 fon 0049 611 84 20 303 (Almanca ilete\u015fim) fax 0049 611 84 20 301 Biebricher Allee 59 65187 Wiesbaden Almanya Bayan Caro Korsch Sorulariniz i\u00e7in her...","protected":false},"author":2,"featured_media":0,"parent":0,"menu_order":80,"comment_status":"closed","ping_status":"closed","template":"","meta":{"_acf_changed":false,"footnotes":""},"acf":[],"yoast_head":"<!-- This site is optimized with the Yoast SEO plugin v23.0 - https:\/\/yoast.com\/wordpress\/plugins\/seo\/ -->\n<title>\u0130leti\u015fim - Hahnemann Gesellschaft<\/title>\n<meta name=\"robots\" content=\"index, follow, max-snippet:-1, max-image-preview:large, max-video-preview:-1\" \/>\n<link rel=\"canonical\" href=\"https:\/\/neu.hahnemann-gesellschaft.de\/tr\/kontakt\/\" \/>\n<meta property=\"og:locale\" content=\"tr_TR\" \/>\n<meta property=\"og:type\" content=\"article\" \/>\n<meta property=\"og:title\" content=\"\u0130leti\u015fim - Hahnemann Gesellschaft\" \/>\n<meta property=\"og:url\" content=\"https:\/\/neu.hahnemann-gesellschaft.de\/tr\/kontakt\/\" \/>\n<meta property=\"og:site_name\" content=\"Hahnemann Gesellschaft\" \/>\n<meta property=\"article:publisher\" content=\"https:\/\/www.facebook.com\/HahnemannGER\" \/>\n<meta property=\"article:modified_time\" content=\"2020-06-28T20:22:23+00:00\" \/>\n<meta name=\"twitter:card\" content=\"summary_large_image\" \/>\n<meta name=\"twitter:site\" content=\"@HahnemannDE\" \/>\n<meta name=\"twitter:label1\" content=\"Tahmini okuma s\u00fcresi\" \/>\n\t<meta name=\"twitter:data1\" content=\"1 dakika\" \/>\n<script type=\"application\/ld+json\" class=\"yoast-schema-graph\">{\"@context\":\"https:\/\/schema.org\",\"@graph\":[{\"@type\":\"WebPage\",\"@id\":\"https:\/\/neu.hahnemann-gesellschaft.de\/tr\/kontakt\/\",\"url\":\"https:\/\/neu.hahnemann-gesellschaft.de\/tr\/kontakt\/\",\"name\":\"\u0130leti\u015fim - Hahnemann Gesellschaft\",\"isPartOf\":{\"@id\":\"https:\/\/www.hahnemann-gesellschaft.de\/tr\/#website\"},\"datePublished\":\"2020-06-23T17:59:36+00:00\",\"dateModified\":\"2020-06-28T20:22:23+00:00\",\"breadcrumb\":{\"@id\":\"https:\/\/neu.hahnemann-gesellschaft.de\/tr\/kontakt\/#breadcrumb\"},\"inLanguage\":\"tr\",\"potentialAction\":[{\"@type\":\"ReadAction\",\"target\":[\"https:\/\/neu.hahnemann-gesellschaft.de\/tr\/kontakt\/\"]}]},{\"@type\":\"BreadcrumbList\",\"@id\":\"https:\/\/neu.hahnemann-gesellschaft.de\/tr\/kontakt\/#breadcrumb\",\"itemListElement\":[{\"@type\":\"ListItem\",\"position\":1,\"name\":\"Startseite\",\"item\":\"https:\/\/neu.hahnemann-gesellschaft.de\/tr\/\"},{\"@type\":\"ListItem\",\"position\":2,\"name\":\"\u0130leti\u015fim\"}]},{\"@type\":\"WebSite\",\"@id\":\"https:\/\/www.hahnemann-gesellschaft.de\/tr\/#website\",\"url\":\"https:\/\/www.hahnemann-gesellschaft.de\/tr\/\",\"name\":\"Hahnemann Gesellschaft\",\"description\":\"\",\"publisher\":{\"@id\":\"https:\/\/www.hahnemann-gesellschaft.de\/tr\/#organization\"},\"potentialAction\":[{\"@type\":\"SearchAction\",\"target\":{\"@type\":\"EntryPoint\",\"urlTemplate\":\"https:\/\/www.hahnemann-gesellschaft.de\/tr\/?s={search_term_string}\"},\"query-input\":\"required name=search_term_string\"}],\"inLanguage\":\"tr\"},{\"@type\":\"Organization\",\"@id\":\"https:\/\/www.hahnemann-gesellschaft.de\/tr\/#organization\",\"name\":\"Hahnemann Gesellschaft\",\"url\":\"https:\/\/www.hahnemann-gesellschaft.de\/tr\/\",\"logo\":{\"@type\":\"ImageObject\",\"inLanguage\":\"tr\",\"@id\":\"https:\/\/www.hahnemann-gesellschaft.de\/tr\/#\/schema\/logo\/image\/\",\"url\":\"https:\/\/www.hahnemann-gesellschaft.de\/wp-content\/uploads\/2020\/06\/hahneman-gesellschaft_72.jpg\",\"contentUrl\":\"https:\/\/www.hahnemann-gesellschaft.de\/wp-content\/uploads\/2020\/06\/hahneman-gesellschaft_72.jpg\",\"width\":830,\"height\":213,\"caption\":\"Hahnemann Gesellschaft\"},\"image\":{\"@id\":\"https:\/\/www.hahnemann-gesellschaft.de\/tr\/#\/schema\/logo\/image\/\"},\"sameAs\":[\"https:\/\/www.facebook.com\/HahnemannGER\",\"https:\/\/x.com\/HahnemannDE\"]}]}<\/script>\n<!-- \/ Yoast SEO plugin. -->","yoast_head_json":{"title":"\u0130leti\u015fim - Hahnemann Gesellschaft","robots":{"index":"index","follow":"follow","max-snippet":"max-snippet:-1","max-image-preview":"max-image-preview:large","max-video-preview":"max-video-preview:-1"},"canonical":"https:\/\/neu.hahnemann-gesellschaft.de\/tr\/kontakt\/","og_locale":"tr_TR","og_type":"article","og_title":"\u0130leti\u015fim - Hahnemann Gesellschaft","og_url":"https:\/\/neu.hahnemann-gesellschaft.de\/tr\/kontakt\/","og_site_name":"Hahnemann Gesellschaft","article_publisher":"https:\/\/www.facebook.com\/HahnemannGER","article_modified_time":"2020-06-28T20:22:23+00:00","twitter_card":"summary_large_image","twitter_site":"@HahnemannDE","twitter_misc":{"Tahmini okuma s\u00fcresi":"1 dakika"},"schema":{"@context":"https:\/\/schema.org","@graph":[{"@type":"WebPage","@id":"https:\/\/neu.hahnemann-gesellschaft.de\/tr\/kontakt\/","url":"https:\/\/neu.hahnemann-gesellschaft.de\/tr\/kontakt\/","name":"\u0130leti\u015fim - Hahnemann Gesellschaft","isPartOf":{"@id":"https:\/\/www.hahnemann-gesellschaft.de\/tr\/#website"},"datePublished":"2020-06-23T17:59:36+00:00","dateModified":"2020-06-28T20:22:23+00:00","breadcrumb":{"@id":"https:\/\/neu.hahnemann-gesellschaft.de\/tr\/kontakt\/#breadcrumb"},"inLanguage":"tr","potentialAction":[{"@type":"ReadAction","target":["https:\/\/neu.hahnemann-gesellschaft.de\/tr\/kontakt\/"]}]},{"@type":"BreadcrumbList","@id":"https:\/\/neu.hahnemann-gesellschaft.de\/tr\/kontakt\/#breadcrumb","itemListElement":[{"@type":"ListItem","position":1,"name":"Startseite","item":"https:\/\/neu.hahnemann-gesellschaft.de\/tr\/"},{"@type":"ListItem","position":2,"name":"\u0130leti\u015fim"}]},{"@type":"WebSite","@id":"https:\/\/www.hahnemann-gesellschaft.de\/tr\/#website","url":"https:\/\/www.hahnemann-gesellschaft.de\/tr\/","name":"Hahnemann Gesellschaft","description":"","publisher":{"@id":"https:\/\/www.hahnemann-gesellschaft.de\/tr\/#organization"},"potentialAction":[{"@type":"SearchAction","target":{"@type":"EntryPoint","urlTemplate":"https:\/\/www.hahnemann-gesellschaft.de\/tr\/?s={search_term_string}"},"query-input":"required name=search_term_string"}],"inLanguage":"tr"},{"@type":"Organization","@id":"https:\/\/www.hahnemann-gesellschaft.de\/tr\/#organization","name":"Hahnemann Gesellschaft","url":"https:\/\/www.hahnemann-gesellschaft.de\/tr\/","logo":{"@type":"ImageObject","inLanguage":"tr","@id":"https:\/\/www.hahnemann-gesellschaft.de\/tr\/#\/schema\/logo\/image\/","url":"https:\/\/www.hahnemann-gesellschaft.de\/wp-content\/uploads\/2020\/06\/hahneman-gesellschaft_72.jpg","contentUrl":"https:\/\/www.hahnemann-gesellschaft.de\/wp-content\/uploads\/2020\/06\/hahneman-gesellschaft_72.jpg","width":830,"height":213,"caption":"Hahnemann Gesellschaft"},"image":{"@id":"https:\/\/www.hahnemann-gesellschaft.de\/tr\/#\/schema\/logo\/image\/"},"sameAs":["https:\/\/www.facebook.com\/HahnemannGER","https:\/\/x.com\/HahnemannDE"]}]}},"_links":{"self":[{"href":"https:\/\/neu.hahnemann-gesellschaft.de\/tr\/wp-json\/wp\/v2\/pages\/2493"}],"collection":[{"href":"https:\/\/neu.hahnemann-gesellschaft.de\/tr\/wp-json\/wp\/v2\/pages"}],"about":[{"href":"https:\/\/neu.hahnemann-gesellschaft.de\/tr\/wp-json\/wp\/v2\/types\/page"}],"author":[{"embeddable":true,"href":"https:\/\/neu.hahnemann-gesellschaft.de\/tr\/wp-json\/wp\/v2\/users\/2"}],"replies":[{"embeddable":true,"href":"https:\/\/neu.hahnemann-gesellschaft.de\/tr\/wp-json\/wp\/v2\/comments?post=2493"}],"version-history":[{"count":10,"href":"https:\/\/neu.hahnemann-gesellschaft.de\/tr\/wp-json\/wp\/v2\/pages\/2493\/revisions"}],"predecessor-version":[{"id":2557,"href":"https:\/\/neu.hahnemann-gesellschaft.de\/tr\/wp-json\/wp\/v2\/pages\/2493\/revisions\/2557"}],"wp:attachment":[{"href":"https:\/\/neu.hahnemann-gesellschaft.de\/tr\/wp-json\/wp\/v2\/media?parent=2493"}],"curies":[{"name":"wp","href":"https:\/\/api.w.org\/{rel}","templated":true}]}}