{"id":2459,"date":"2020-06-22T07:55:39","date_gmt":"2020-06-22T05:55:39","guid":{"rendered":"https:\/\/neu.hahnemann-gesellschaft.de\/?page_id=2459"},"modified":"2020-06-23T18:13:44","modified_gmt":"2020-06-23T16:13:44","slug":"arastirma","status":"publish","type":"page","link":"https:\/\/neu.hahnemann-gesellschaft.de\/tr\/arastirma\/","title":{"rendered":"Ara\u015ft\u0131rma"},"content":{"rendered":"<section class=\"l-section wpb_row height_medium\"><div class=\"l-section-h i-cf\"><div class=\"g-cols vc_row via_flex valign_top type_default stacking_default\"><div class=\"vc_col-sm-12 wpb_column vc_column_container\"><div class=\"vc_column-inner\"><div class=\"wpb_wrapper\"><div class=\"wpb_text_column\"><div class=\"wpb_wrapper\"><h1 style=\"text-align: center;\">Ara\u015ft\u0131rma<\/h1>\n<\/div><\/div><\/div><\/div><\/div><\/div><\/div><\/section><section class=\"l-section wpb_row us_custom_4fb9e5a3 height_auto\"><div class=\"l-section-h i-cf\"><div class=\"g-cols vc_row via_flex valign_top type_default stacking_default\"><div class=\"vc_col-sm-12 wpb_column vc_column_container\"><div class=\"vc_column-inner\"><div class=\"wpb_wrapper\"><div class=\"w-menu us_custom_eb849559 layout_hor style_blocks us_menu_1\" style=\"--main-gap:1.5rem;--main-ver-indent:0.8em;--main-hor-indent:0.8em;\" id=\"hg-submenu\"><ul id=\"menu-forschung\" class=\"menu\"><li id=\"menu-item-1376\" class=\"menu-item menu-item-type-post_type menu-item-object-page menu-item-1376\"><a href=\"https:\/\/neu.hahnemann-gesellschaft.de\/forschung\/\">Ara\u015ft\u0131rma<\/a><\/li><\/ul><style>.us_menu_1 .menu>li>a{background:#ffffff}.us_menu_1 .menu>li>a{color:inherit}.us_menu_1 .menu>.menu-item:not(.current-menu-item)>a:hover{background:#32B9CD}.us_menu_1 .menu>.menu-item:not(.current-menu-item)>a:hover{color:#ffffff}@media ( max-width:600px ){.us_menu_1 .menu{display:block!important}.us_menu_1 .menu>li{margin:0 0 var(--main-gap,1.5rem)!important}}<\/style><\/div><\/div><\/div><\/div><\/div><\/div><\/section><section class=\"l-section wpb_row boxshadow height_medium color_alternate\"><div class=\"l-section-h i-cf\"><div class=\"g-cols vc_row via_flex valign_top type_default stacking_default\"><div class=\"vc_col-sm-12 wpb_column vc_column_container\"><div class=\"vc_column-inner\"><div class=\"wpb_wrapper\"><div class=\"g-cols wpb_row via_flex valign_top type_default stacking_default\"><div class=\"vc_col-sm-8 wpb_column vc_column_container\"><div class=\"vc_column-inner\"><div class=\"wpb_wrapper\"><div class=\"wpb_text_column\"><div class=\"wpb_wrapper\"><h4>Hahnemann Gesellschaft\u2018 \u0131n ara\u015ft\u0131rma sayfas\u0131na ho\u015fgeldiniz<\/h4>\n<p>Burada\u00a0 size\u00a0 s\u00fcrekli\u00a0 y\u00fcr\u00fctt\u00fc\u011f\u00fcm\u00fcz\u00a0 ve\u00a0 destek\u00a0 oldu\u011fumuz\u00a0 aktuel\u00a0 ara\u015ft\u0131rma sonu\u00e7lar\u0131\u00a0 hakk\u0131nda\u00a0 bilgi\u00a0 vermekteyiz. Bunun\u00a0 haricinde\u00a0 homeopatideki\u00a0 <strong>aktuel\u00a0 ara\u015ft\u0131rmalar\u0131n\u00a0 durumunu\u00a0 <\/strong>ve\u00a0 derne\u011fimizin\u00a0\u00a0 katk\u0131lar\u0131\u00a0 hakk\u0131ndaki\u00a0 bak\u0131\u015f\u0131n\u0131\u00a0 sunmaktay\u0131z. Farkl\u0131\u00a0 ara\u015ft\u0131rma\u00a0 konular\u0131\u00a0 hakk\u0131nda\u00a0 kayda\u00a0 de\u011fer\u00a0 ba\u011flant\u0131lar\u00a0 ve\u00a0 linklerin\u00a0 bilgilerini\u00a0 bulabilirsiniz. Homeopati\u00a0 uzman\u0131\u00a0 olarak, \u00f6\u011fretim, uygulama\u00a0 ve\u00a0 ara\u015ft\u0131rmalarda\u00a0 bilgileri\u00a0\u00a0\u00a0 payla\u015fmak\u00a0\u00a0 tabii\u00a0 amac\u0131m\u0131zd\u0131r. Ara\u015ft\u0131rmalarda\u00a0\u00a0 a\u011f\u0131rl\u0131k\u00a0 noktam\u0131z<strong>, klinik\u00a0 ara\u015ft\u0131rma, \u00a0\u00a0temel\u00a0 konular\u00a0 ve\u00a0 e\u011fitim\u00a0 alan\u0131d\u0131r<\/strong>. \u00a0\u00a0Amac\u0131m\u0131z\u00a0 uluslararas\u0131\u00a0 \u00e7al\u0131\u015fmakt\u0131r.\u00a0 \u00a0Hahnemann\u00a0 \u00a0Gesellschaft\u00a0 \u00fcyeleri \u00a0\u00a0&#8220;iyi\u00a0 bilimsel\u00a0 uygulamalar&#8221; dan\u00a0 \u00f6d\u00fcn\u00a0\u00a0 vermeden\u00a0 g\u00f6revlerini\u00a0 yerine\u00a0 getirirler.<\/p>\n<\/div><\/div><div class=\"wpb_text_column\"><div class=\"wpb_wrapper\"><\/div><\/div><div class=\"wpb_text_column link-liste\"><div class=\"wpb_wrapper\"><ul>\n<li><a href=\"https:\/\/neu.hahnemann-gesellschaft.de\/forschung\/aktueller-stand-der-forschung\/\">Aktueller Stand der Forschung<\/a><\/li>\n<li><a href=\"https:\/\/neu.hahnemann-gesellschaft.de\/forschung\/aktueller-stand-der-forschung\/#drei-1\">Klinische Forschung<\/a><\/li>\n<li><a href=\"https:\/\/neu.hahnemann-gesellschaft.de\/forschung\/aktueller-stand-der-forschung\/#drei-6\">Grundlagenforschung<\/a><\/li>\n<li><a href=\"https:\/\/neu.hahnemann-gesellschaft.de\/projekte\/#1589984758614-1a0e52d0-05e3\">Ausbildungsforschung<\/a><\/li>\n<li><a href=\"https:\/\/neu.hahnemann-gesellschaft.de\/forschung\/aktueller-stand-der-forschung\/#sechs\">Gute Wissenschaftliche Praxis<\/a><\/li>\n<\/ul>\n<\/div><\/div><\/div><\/div><\/div><div class=\"vc_col-sm-4 wpb_column vc_column_container\"><div class=\"vc_column-inner\"><div class=\"wpb_wrapper\"><div class=\"w-image align_center\"><div class=\"w-image-h\"><img loading=\"lazy\" decoding=\"async\" width=\"1200\" height=\"1445\" src=\"https:\/\/neu.hahnemann-gesellschaft.de\/wp-content\/uploads\/2020\/04\/img_6471.jpg\" class=\"attachment-full size-full\" alt=\"\" srcset=\"https:\/\/neu.hahnemann-gesellschaft.de\/wp-content\/uploads\/2020\/04\/img_6471.jpg 1200w, https:\/\/neu.hahnemann-gesellschaft.de\/wp-content\/uploads\/2020\/04\/img_6471-249x300.jpg 249w, https:\/\/neu.hahnemann-gesellschaft.de\/wp-content\/uploads\/2020\/04\/img_6471-850x1024.jpg 850w\" sizes=\"(max-width: 1200px) 100vw, 1200px\" \/><\/div><\/div><\/div><\/div><\/div><\/div><\/div><\/div><\/div><\/div><\/div><\/section><section class=\"l-section wpb_row height_medium\"><div class=\"l-section-h i-cf\"><div class=\"g-cols vc_row via_flex valign_top type_default stacking_default\"><div class=\"vc_col-sm-12 wpb_column vc_column_container\"><div class=\"vc_column-inner\"><div class=\"wpb_wrapper\"><div class=\"wpb_text_column\"><div class=\"wpb_wrapper\"><h2 style=\"text-align: center;\">Homeopati \u00dczerine g\u00fcncel ara\u015ft\u0131rma<\/h2>\n<\/div><\/div><div class=\"w-separator size_medium\"><\/div><div class=\"w-grid type_masonry layout_25 no_results_hide_grid cols_3 overflow_hidden with_isotope\" id=\"us_grid_1\" data-filterable=\"true\"><style>#us_grid_1 .w-grid-item{padding:1.5rem}#us_grid_1 .w-grid-list{margin:-1.5rem -1.5rem 1.5rem}.w-grid + #us_grid_1 .w-grid-list,.w-grid-none + #us_grid_1 .w-grid-list{margin-top:1.5rem}@media (max-width:899px){#us_grid_1 .w-grid-item{width:50%}}@media (max-width:599px){#us_grid_1 .w-grid-list{margin:0}#us_grid_1 .w-grid-item{width:100%;padding:0;margin-bottom:1.5rem}}.layout_25 .w-grid-item-h{background:#ffffff;color:#707070;border-radius:0.3rem;box-shadow:0 0.03rem 0.06rem rgba(0,0,0,0.1),0 0.1rem 0.3rem rgba(0,0,0,0.1);transition-duration:0.3s}.no-touch .layout_25 .w-grid-item-h:hover{box-shadow:0 0.1rem 0.2rem rgba(0,0,0,0.1),0 0.33rem 1rem rgba(0,0,0,0.15);z-index:4}.layout_25 .usg_post_title_1{font-weight:700!important;font-size:1.2rem!important}.layout_25 .usg_vwrapper_1{padding:9% 11% 11% 11%!important}.layout_25 .usg_hwrapper_1{color:#999!important;font-size:0.9rem!important}@media (max-width:600px){.layout_25 .usg_post_title_1{font-size:1.2rem!important}}<\/style><div class=\"w-grid-list\"><\/div><div class=\"w-grid-preloader\"><div class=\"g-preloader type_1\">\r\n\t<div><\/div>\r\n<\/div>\r\n<\/div>\t<div class=\"w-grid-json hidden\" onclick='return {&quot;action&quot;:&quot;us_ajax_grid&quot;,&quot;ajax_url&quot;:&quot;https:\\\/\\\/neu.hahnemann-gesellschaft.de\\\/wp-admin\\\/admin-ajax.php&quot;,&quot;infinite_scroll&quot;:0,&quot;max_num_pages&quot;:0,&quot;pagination&quot;:&quot;ajax&quot;,&quot;permalink_url&quot;:&quot;https:\\\/\\\/neu.hahnemann-gesellschaft.de\\\/tr\\\/wp-json\\\/wp\\\/v2\\\/pages\\\/2459\\\/&quot;,&quot;template_vars&quot;:{&quot;columns&quot;:&quot;3&quot;,&quot;exclude_items&quot;:&quot;none&quot;,&quot;img_size&quot;:&quot;default&quot;,&quot;ignore_items_size&quot;:false,&quot;items_layout&quot;:&quot;25&quot;,&quot;items_offset&quot;:&quot;1&quot;,&quot;load_animation&quot;:&quot;none&quot;,&quot;overriding_link&quot;:&quot;none&quot;,&quot;post_id&quot;:2459,&quot;query_args&quot;:{&quot;post_type&quot;:[&quot;post&quot;],&quot;tax_query&quot;:[{&quot;taxonomy&quot;:&quot;category&quot;,&quot;field&quot;:&quot;slug&quot;,&quot;terms&quot;:[&quot;forschung&quot;,&quot;lehre&quot;,&quot;politik&quot;,&quot;patienten&quot;]}],&quot;post_status&quot;:[&quot;publish&quot;,&quot;acf-disabled&quot;],&quot;posts_per_page&quot;:&quot;10&quot;},&quot;orderby_query_args&quot;:{&quot;orderby&quot;:{&quot;date&quot;:&quot;DESC&quot;}},&quot;type&quot;:&quot;masonry&quot;,&quot;us_grid_ajax_index&quot;:1,&quot;us_grid_filter_params&quot;:null,&quot;us_grid_index&quot;:1,&quot;_us_grid_post_type&quot;:&quot;post&quot;,&quot;lang&quot;:&quot;tr&quot;}}'><\/div>\r\n\t<\/div><div class=\"w-grid-none type_message\">Herhangi bir sonu\u00e7 bulunamad\u0131.<\/div><\/div><\/div><\/div><\/div><\/div><\/section>\n","protected":false},"excerpt":{"rendered":"Ara\u015ft\u0131rma Ara\u015ft\u0131rmaHahnemann Gesellschaft\u2018 \u0131n ara\u015ft\u0131rma sayfas\u0131na ho\u015fgeldiniz Burada\u00a0 size\u00a0 s\u00fcrekli\u00a0 y\u00fcr\u00fctt\u00fc\u011f\u00fcm\u00fcz\u00a0 ve\u00a0 destek\u00a0 oldu\u011fumuz\u00a0 aktuel\u00a0 ara\u015ft\u0131rma sonu\u00e7lar\u0131\u00a0 hakk\u0131nda\u00a0 bilgi\u00a0 vermekteyiz. Bunun\u00a0 haricinde\u00a0 homeopatideki\u00a0 aktuel\u00a0 ara\u015ft\u0131rmalar\u0131n\u00a0 durumunu\u00a0 ve\u00a0 derne\u011fimizin\u00a0\u00a0 katk\u0131lar\u0131\u00a0 hakk\u0131ndaki\u00a0 bak\u0131\u015f\u0131n\u0131\u00a0 sunmaktay\u0131z. Farkl\u0131\u00a0 ara\u015ft\u0131rma\u00a0 konular\u0131\u00a0 hakk\u0131nda\u00a0 kayda\u00a0 de\u011fer\u00a0 ba\u011flant\u0131lar\u00a0 ve\u00a0 linklerin\u00a0 bilgilerini\u00a0 bulabilirsiniz. Homeopati\u00a0 uzman\u0131\u00a0 olarak, \u00f6\u011fretim, uygulama\u00a0 ve\u00a0 ara\u015ft\u0131rmalarda\u00a0 bilgileri\u00a0\u00a0\u00a0 payla\u015fmak\u00a0\u00a0 tabii\u00a0 amac\u0131m\u0131zd\u0131r. Ara\u015ft\u0131rmalarda\u00a0\u00a0...","protected":false},"author":2,"featured_media":2466,"parent":0,"menu_order":20,"comment_status":"closed","ping_status":"closed","template":"","meta":{"_acf_changed":false,"footnotes":""},"acf":[],"yoast_head":"<!-- This site is optimized with the Yoast SEO plugin v23.0 - https:\/\/yoast.com\/wordpress\/plugins\/seo\/ -->\n<title>Ara\u015ft\u0131rma - Hahnemann Gesellschaft<\/title>\n<meta name=\"robots\" content=\"index, follow, max-snippet:-1, max-image-preview:large, max-video-preview:-1\" \/>\n<link rel=\"canonical\" href=\"https:\/\/neu.hahnemann-gesellschaft.de\/tr\/arastirma\/\" \/>\n<meta property=\"og:locale\" content=\"tr_TR\" \/>\n<meta property=\"og:type\" content=\"article\" \/>\n<meta property=\"og:title\" content=\"Ara\u015ft\u0131rma - Hahnemann Gesellschaft\" \/>\n<meta property=\"og:url\" content=\"https:\/\/neu.hahnemann-gesellschaft.de\/tr\/arastirma\/\" \/>\n<meta property=\"og:site_name\" content=\"Hahnemann Gesellschaft\" \/>\n<meta property=\"article:publisher\" content=\"https:\/\/www.facebook.com\/HahnemannGER\" \/>\n<meta property=\"article:modified_time\" content=\"2020-06-23T16:13:44+00:00\" \/>\n<meta property=\"og:image\" content=\"https:\/\/neu.hahnemann-gesellschaft.de\/wp-content\/uploads\/2020\/04\/B\u00dcTAD_Case_report_3_.jpg\" \/>\n\t<meta property=\"og:image:width\" content=\"2414\" \/>\n\t<meta property=\"og:image:height\" content=\"1924\" \/>\n\t<meta property=\"og:image:type\" content=\"image\/jpeg\" \/>\n<meta name=\"twitter:card\" content=\"summary_large_image\" \/>\n<meta name=\"twitter:site\" content=\"@HahnemannDE\" \/>\n<meta name=\"twitter:label1\" content=\"Tahmini okuma s\u00fcresi\" \/>\n\t<meta name=\"twitter:data1\" content=\"2 dakika\" \/>\n<script type=\"application\/ld+json\" class=\"yoast-schema-graph\">{\"@context\":\"https:\/\/schema.org\",\"@graph\":[{\"@type\":\"WebPage\",\"@id\":\"https:\/\/neu.hahnemann-gesellschaft.de\/tr\/arastirma\/\",\"url\":\"https:\/\/neu.hahnemann-gesellschaft.de\/tr\/arastirma\/\",\"name\":\"Ara\u015ft\u0131rma - Hahnemann Gesellschaft\",\"isPartOf\":{\"@id\":\"https:\/\/www.hahnemann-gesellschaft.de\/tr\/#website\"},\"primaryImageOfPage\":{\"@id\":\"https:\/\/neu.hahnemann-gesellschaft.de\/tr\/arastirma\/#primaryimage\"},\"image\":{\"@id\":\"https:\/\/neu.hahnemann-gesellschaft.de\/tr\/arastirma\/#primaryimage\"},\"thumbnailUrl\":\"https:\/\/neu.hahnemann-gesellschaft.de\/wp-content\/uploads\/2020\/04\/B\u00dcTAD_Case_report_3_.jpg\",\"datePublished\":\"2020-06-22T05:55:39+00:00\",\"dateModified\":\"2020-06-23T16:13:44+00:00\",\"breadcrumb\":{\"@id\":\"https:\/\/neu.hahnemann-gesellschaft.de\/tr\/arastirma\/#breadcrumb\"},\"inLanguage\":\"tr\",\"potentialAction\":[{\"@type\":\"ReadAction\",\"target\":[\"https:\/\/neu.hahnemann-gesellschaft.de\/tr\/arastirma\/\"]}]},{\"@type\":\"ImageObject\",\"inLanguage\":\"tr\",\"@id\":\"https:\/\/neu.hahnemann-gesellschaft.de\/tr\/arastirma\/#primaryimage\",\"url\":\"https:\/\/neu.hahnemann-gesellschaft.de\/wp-content\/uploads\/2020\/04\/B\u00dcTAD_Case_report_3_.jpg\",\"contentUrl\":\"https:\/\/neu.hahnemann-gesellschaft.de\/wp-content\/uploads\/2020\/04\/B\u00dcTAD_Case_report_3_.jpg\",\"width\":2414,\"height\":1924},{\"@type\":\"BreadcrumbList\",\"@id\":\"https:\/\/neu.hahnemann-gesellschaft.de\/tr\/arastirma\/#breadcrumb\",\"itemListElement\":[{\"@type\":\"ListItem\",\"position\":1,\"name\":\"Startseite\",\"item\":\"https:\/\/www.hahnemann-gesellschaft.de\/tr\/\"},{\"@type\":\"ListItem\",\"position\":2,\"name\":\"Ara\u015ft\u0131rma\"}]},{\"@type\":\"WebSite\",\"@id\":\"https:\/\/www.hahnemann-gesellschaft.de\/tr\/#website\",\"url\":\"https:\/\/www.hahnemann-gesellschaft.de\/tr\/\",\"name\":\"Hahnemann Gesellschaft\",\"description\":\"\",\"publisher\":{\"@id\":\"https:\/\/www.hahnemann-gesellschaft.de\/tr\/#organization\"},\"potentialAction\":[{\"@type\":\"SearchAction\",\"target\":{\"@type\":\"EntryPoint\",\"urlTemplate\":\"https:\/\/www.hahnemann-gesellschaft.de\/tr\/?s={search_term_string}\"},\"query-input\":\"required name=search_term_string\"}],\"inLanguage\":\"tr\"},{\"@type\":\"Organization\",\"@id\":\"https:\/\/www.hahnemann-gesellschaft.de\/tr\/#organization\",\"name\":\"Hahnemann Gesellschaft\",\"url\":\"https:\/\/www.hahnemann-gesellschaft.de\/tr\/\",\"logo\":{\"@type\":\"ImageObject\",\"inLanguage\":\"tr\",\"@id\":\"https:\/\/www.hahnemann-gesellschaft.de\/tr\/#\/schema\/logo\/image\/\",\"url\":\"https:\/\/www.hahnemann-gesellschaft.de\/wp-content\/uploads\/2020\/06\/hahneman-gesellschaft_72.jpg\",\"contentUrl\":\"https:\/\/www.hahnemann-gesellschaft.de\/wp-content\/uploads\/2020\/06\/hahneman-gesellschaft_72.jpg\",\"width\":830,\"height\":213,\"caption\":\"Hahnemann Gesellschaft\"},\"image\":{\"@id\":\"https:\/\/www.hahnemann-gesellschaft.de\/tr\/#\/schema\/logo\/image\/\"},\"sameAs\":[\"https:\/\/www.facebook.com\/HahnemannGER\",\"https:\/\/x.com\/HahnemannDE\"]}]}<\/script>\n<!-- \/ Yoast SEO plugin. -->","yoast_head_json":{"title":"Ara\u015ft\u0131rma - Hahnemann Gesellschaft","robots":{"index":"index","follow":"follow","max-snippet":"max-snippet:-1","max-image-preview":"max-image-preview:large","max-video-preview":"max-video-preview:-1"},"canonical":"https:\/\/neu.hahnemann-gesellschaft.de\/tr\/arastirma\/","og_locale":"tr_TR","og_type":"article","og_title":"Ara\u015ft\u0131rma - Hahnemann Gesellschaft","og_url":"https:\/\/neu.hahnemann-gesellschaft.de\/tr\/arastirma\/","og_site_name":"Hahnemann Gesellschaft","article_publisher":"https:\/\/www.facebook.com\/HahnemannGER","article_modified_time":"2020-06-23T16:13:44+00:00","og_image":[{"width":2414,"height":1924,"url":"https:\/\/neu.hahnemann-gesellschaft.de\/wp-content\/uploads\/2020\/04\/B\u00dcTAD_Case_report_3_.jpg","type":"image\/jpeg"}],"twitter_card":"summary_large_image","twitter_site":"@HahnemannDE","twitter_misc":{"Tahmini okuma s\u00fcresi":"2 dakika"},"schema":{"@context":"https:\/\/schema.org","@graph":[{"@type":"WebPage","@id":"https:\/\/neu.hahnemann-gesellschaft.de\/tr\/arastirma\/","url":"https:\/\/neu.hahnemann-gesellschaft.de\/tr\/arastirma\/","name":"Ara\u015ft\u0131rma - Hahnemann Gesellschaft","isPartOf":{"@id":"https:\/\/www.hahnemann-gesellschaft.de\/tr\/#website"},"primaryImageOfPage":{"@id":"https:\/\/neu.hahnemann-gesellschaft.de\/tr\/arastirma\/#primaryimage"},"image":{"@id":"https:\/\/neu.hahnemann-gesellschaft.de\/tr\/arastirma\/#primaryimage"},"thumbnailUrl":"https:\/\/neu.hahnemann-gesellschaft.de\/wp-content\/uploads\/2020\/04\/B\u00dcTAD_Case_report_3_.jpg","datePublished":"2020-06-22T05:55:39+00:00","dateModified":"2020-06-23T16:13:44+00:00","breadcrumb":{"@id":"https:\/\/neu.hahnemann-gesellschaft.de\/tr\/arastirma\/#breadcrumb"},"inLanguage":"tr","potentialAction":[{"@type":"ReadAction","target":["https:\/\/neu.hahnemann-gesellschaft.de\/tr\/arastirma\/"]}]},{"@type":"ImageObject","inLanguage":"tr","@id":"https:\/\/neu.hahnemann-gesellschaft.de\/tr\/arastirma\/#primaryimage","url":"https:\/\/neu.hahnemann-gesellschaft.de\/wp-content\/uploads\/2020\/04\/B\u00dcTAD_Case_report_3_.jpg","contentUrl":"https:\/\/neu.hahnemann-gesellschaft.de\/wp-content\/uploads\/2020\/04\/B\u00dcTAD_Case_report_3_.jpg","width":2414,"height":1924},{"@type":"BreadcrumbList","@id":"https:\/\/neu.hahnemann-gesellschaft.de\/tr\/arastirma\/#breadcrumb","itemListElement":[{"@type":"ListItem","position":1,"name":"Startseite","item":"https:\/\/www.hahnemann-gesellschaft.de\/tr\/"},{"@type":"ListItem","position":2,"name":"Ara\u015ft\u0131rma"}]},{"@type":"WebSite","@id":"https:\/\/www.hahnemann-gesellschaft.de\/tr\/#website","url":"https:\/\/www.hahnemann-gesellschaft.de\/tr\/","name":"Hahnemann Gesellschaft","description":"","publisher":{"@id":"https:\/\/www.hahnemann-gesellschaft.de\/tr\/#organization"},"potentialAction":[{"@type":"SearchAction","target":{"@type":"EntryPoint","urlTemplate":"https:\/\/www.hahnemann-gesellschaft.de\/tr\/?s={search_term_string}"},"query-input":"required name=search_term_string"}],"inLanguage":"tr"},{"@type":"Organization","@id":"https:\/\/www.hahnemann-gesellschaft.de\/tr\/#organization","name":"Hahnemann Gesellschaft","url":"https:\/\/www.hahnemann-gesellschaft.de\/tr\/","logo":{"@type":"ImageObject","inLanguage":"tr","@id":"https:\/\/www.hahnemann-gesellschaft.de\/tr\/#\/schema\/logo\/image\/","url":"https:\/\/www.hahnemann-gesellschaft.de\/wp-content\/uploads\/2020\/06\/hahneman-gesellschaft_72.jpg","contentUrl":"https:\/\/www.hahnemann-gesellschaft.de\/wp-content\/uploads\/2020\/06\/hahneman-gesellschaft_72.jpg","width":830,"height":213,"caption":"Hahnemann Gesellschaft"},"image":{"@id":"https:\/\/www.hahnemann-gesellschaft.de\/tr\/#\/schema\/logo\/image\/"},"sameAs":["https:\/\/www.facebook.com\/HahnemannGER","https:\/\/x.com\/HahnemannDE"]}]}},"_links":{"self":[{"href":"https:\/\/neu.hahnemann-gesellschaft.de\/tr\/wp-json\/wp\/v2\/pages\/2459"}],"collection":[{"href":"https:\/\/neu.hahnemann-gesellschaft.de\/tr\/wp-json\/wp\/v2\/pages"}],"about":[{"href":"https:\/\/neu.hahnemann-gesellschaft.de\/tr\/wp-json\/wp\/v2\/types\/page"}],"author":[{"embeddable":true,"href":"https:\/\/neu.hahnemann-gesellschaft.de\/tr\/wp-json\/wp\/v2\/users\/2"}],"replies":[{"embeddable":true,"href":"https:\/\/neu.hahnemann-gesellschaft.de\/tr\/wp-json\/wp\/v2\/comments?post=2459"}],"version-history":[{"count":3,"href":"https:\/\/neu.hahnemann-gesellschaft.de\/tr\/wp-json\/wp\/v2\/pages\/2459\/revisions"}],"predecessor-version":[{"id":2476,"href":"https:\/\/neu.hahnemann-gesellschaft.de\/tr\/wp-json\/wp\/v2\/pages\/2459\/revisions\/2476"}],"wp:featuredmedia":[{"embeddable":true,"href":"https:\/\/neu.hahnemann-gesellschaft.de\/tr\/wp-json\/wp\/v2\/media\/2466"}],"wp:attachment":[{"href":"https:\/\/neu.hahnemann-gesellschaft.de\/tr\/wp-json\/wp\/v2\/media?parent=2459"}],"curies":[{"name":"wp","href":"https:\/\/api.w.org\/{rel}","templated":true}]}}