{"id":2457,"date":"2020-06-22T07:39:52","date_gmt":"2020-06-22T05:39:52","guid":{"rendered":"https:\/\/neu.hahnemann-gesellschaft.de\/?page_id=2457"},"modified":"2020-07-24T15:42:03","modified_gmt":"2020-07-24T13:42:03","slug":"dernegimiz","status":"publish","type":"page","link":"https:\/\/neu.hahnemann-gesellschaft.de\/tr\/dernegimiz\/","title":{"rendered":"Derne\u011fimiz"},"content":{"rendered":"<section class=\"l-section wpb_row height_medium\"><div class=\"l-section-h i-cf\"><div class=\"g-cols vc_row via_flex valign_top type_default stacking_default\"><div class=\"vc_col-sm-12 wpb_column vc_column_container\"><div class=\"vc_column-inner\"><div class=\"wpb_wrapper\"><div class=\"wpb_text_column\"><div class=\"wpb_wrapper\"><h1>Homeopati Bilimini Akademik Yap\u0131ya D\u00f6n\u00fc\u015ft\u00fcrmek<\/h1>\n<\/div><\/div><\/div><\/div><\/div><\/div><\/div><\/section><section class=\"l-section wpb_row boxshadow height_medium color_alternate\"><div class=\"l-section-h i-cf\"><div class=\"g-cols vc_row via_flex valign_top type_default stacking_default\"><div class=\"vc_col-sm-12 wpb_column vc_column_container\"><div class=\"vc_column-inner\"><div class=\"wpb_wrapper\"><div class=\"w-video align_center ratio_16x9\" onclick=\"return {&quot;player_html&quot;:&quot;&lt;a href=\\&quot;https:\\\/\\\/www.youtube.com\\\/watch?v=1tnw3gqgjLQ?rel=0\\&quot;&gt;https:\\\/\\\/www.youtube.com\\\/watch?v=1tnw3gqgjLQ?rel=0&lt;\\\/a&gt;&quot;}\"><div class=\"w-video-h\"><iframe title=\"Youtube video player\" src=\"\/\/www.youtube.com\/embed\/1tnw3gqgjLQ?origin=https:\/\/neu.hahnemann-gesellschaft.de&controls=1\" allowfullscreen=\"1\" loading=\"lazy\"><\/iframe><\/div><div class=\"w-video-icon\" style=\"font-size:1.5rem;background:rgba(0,0,0,0.5);color:#fff\"><\/div><\/div><\/div><\/div><\/div><\/div><\/div><\/section><section class=\"l-section wpb_row height_medium\"><div class=\"l-section-h i-cf\"><div class=\"g-cols vc_row via_flex valign_top type_default stacking_default\"><div class=\"vc_col-sm-6 wpb_column vc_column_container\"><div class=\"vc_column-inner\"><div class=\"wpb_wrapper\"><div class=\"wpb_text_column us_custom_3841d46a boxshadow\"><div class=\"wpb_wrapper\"><h3>Biz hekimleriz<\/h3>\n<p>G\u00f6revimiz\u00a0 \u015fifaya\u00a0 kavu\u015fturmakt\u0131r. Homeopati\u00a0 alan\u0131nda\u00a0 uzmanla\u015ft\u0131k. Hastalar\u0131m\u0131za\u00a0 olan\u00a0 sevgimiz\u00a0 ve\u00a0 sayg\u0131m\u0131z\u00a0 bizlerin\u00a0 hekim\u00a0 olarak\u00a0 hareket etmemizdeki\u00a0 ba\u015fl\u0131ca\u00a0 etkendir!<\/p>\n<\/div><\/div><div class=\"wpb_text_column us_custom_3841d46a boxshadow\"><div class=\"wpb_wrapper\"><h3>Bizim kalitemiz<\/h3>\n<p>Bizler\u00a0 hekimleriz. Anemnez\u00a0 g\u00f6r\u00fc\u015fmemiz, laboratuar\u00a0 testleri, hastal\u0131\u011f\u0131n te\u015fhisi\u00a0 ve\u00a0 tedavi\u00a0 konusu\u00a0 hastalar\u00a0 ile\u00a0 her kar\u015f\u0131la\u015fma\u00a0 an\u0131ndaki\u00a0 temel\u00a0 alanlard\u0131r. Homeopatik\u00a0 ilaca\u00a0 ula\u015fmak\u00a0 i\u00e7in \u00a0analiz\u00a0 teknikleri\u00a0 amac\u0131yla, hastal\u0131\u011f\u0131n\u00a0 karakteristik\u00a0 bulgular\u0131na\u00a0 ula\u015fabilmek\u00a0 i\u00e7in\u00a0 detayl\u0131\u00a0 ve\u00a0 yo\u011fun\u00a0\u00a0 hekim-hasta\u00a0 g\u00f6r\u00fc\u015fmelerine\u00a0 ihtiya\u00e7\u00a0 duymaktay\u0131z.<\/p>\n<p>Anamnez, hasta\u00a0 muayenesi\u00a0 ve\u00a0 hastal\u0131k hikayesi\u00a0 bilgileri\u00a0 do\u011frultusunda\u00a0 vakan\u0131n\u00a0 \u00e7\u00f6z\u00fcm\u00fcne \u00a0ula\u015f\u0131lmaktad\u0131r. Vakan\u0131n\u00a0 \u00e7\u00f6z\u00fcm\u00fc\u00a0 hiyerar\u015fi, repertorizasyon, Materyamedika\u00a0 ile\u00a0 kar\u015f\u0131la\u015ft\u0131rma, potensin se\u00e7imiyle birlikte re\u00e7eteleme\u00a0 ve\u00a0 tedavi\u00a0 olarak\u00a0 devam\u00a0 eder.<\/p>\n<\/div><\/div><div class=\"wpb_text_column us_custom_3841d46a boxshadow\"><div class=\"wpb_wrapper\"><h3>Hahnemann Gesellschaft Derne\u011fimiz<\/h3>\n<p>Derne\u011fimiz\u00a0 \u00fcyelerini\u00a0 birbirine\u00a0 ba\u011flayan\u00a0 ortak\u00a0 paydam\u0131z, her birimizin\u00a0 homeopati klinik\u00a0 deneyimlerini\u00a0 ve\u00a0 geni\u015f \u00e7apl\u0131\u00a0 tecr\u00fcbelerini birle\u015ftirme\u00a0\u00a0 ihtiyac\u0131\u00a0 ve\u00a0 bu\u00a0 tecr\u00fcbeleri\u00a0 aram\u0131zda\u00a0 payla\u015fabilmektir.<\/p>\n<p>Amac\u0131m\u0131z\u00a0 homeopatinin\u00a0\u00a0 kurucusu\u00a0 olan \u00a0Dr. Samuel \u00a0Hahnemann\u2018 \u0131n\u00a0 ara\u015ft\u0131rma\u00a0 sonu\u00e7lar\u0131n\u0131\u00a0 baz\u00a0 alarak, homeopati\u00a0 bilimini\u00a0 akademik alana\u00a0 ta\u015f\u0131mak , \u00e7ok\u00a0\u00a0 de\u011ferli\u00a0\u00a0 olan\u00a0 bu\u00a0 bilimi\u00a0 ileriye\u00a0 g\u00f6t\u00fcrmek, gelecekteki\u00a0 meslekta\u015flar\u0131m\u0131za\u00a0 aktarmakt\u0131r. Bilimsel\u00a0 \u00e7abam\u0131z\u0131\u00a0 geli\u015ftirip, ara\u015ft\u0131rma\u00a0 ve\u00a0 bilimi\u00a0 te\u015fvik\u00a0 etmeyi\u00a0 g\u00f6rev\u00a0 biliyoruz.<\/p>\n<p>Homeopati\u00a0 konusunda\u00a0 son\u00a0 derece\u00a0 uzmanla\u015fm\u0131\u015f\u00a0 olan\u00a0 bizler, homeopati alan\u0131nda g\u00fcvenilir bilgi kayna\u011f\u0131y\u0131z . \u2013 Bize\u00a0 ula\u015f\u0131n!<\/p>\n<\/div><\/div><\/div><\/div><\/div><div class=\"vc_col-sm-6 wpb_column vc_column_container\"><div class=\"vc_column-inner\"><div class=\"wpb_wrapper\"><div class=\"wpb_text_column us_custom_3841d46a boxshadow\"><div class=\"wpb_wrapper\"><h3>Hastalarimiz i\u00e7in<\/h3>\n<p>Hastalar\u0131m\u0131z\u0131n\u00a0 \u00e7o\u011fu\u00a0 sa\u011flam\u00a0 temele\u00a0 dayanan\u00a0 homeopatik\u00a0 tedavi\u00a0 istiyor. Hastalar\u00a0 karar\u00a0 verebilmek\u00a0 i\u00e7in ve\u00a0 hastal\u0131klar\u0131\u00a0 konusunda\u00a0 uygun\u00a0 bir\u00a0 tedavi\u00a0 almak\u00a0 i\u00e7in\u00a0 geni\u015f\u00a0 \u00e7apl\u0131\u00a0 bilgilenmek\u00a0 istiyorlar. Bu\u00a0 do\u011frultuda\u00a0 kendimizi\u00a0 y\u00f6nlendiriyoruz.<\/p>\n<\/div><\/div><div class=\"wpb_text_column us_custom_3841d46a boxshadow\"><div class=\"wpb_wrapper\"><h3>Homeopati alanimiz<\/h3>\n<p>Homeopati\u00a0 be\u015f\u00a0 alanda\u00a0 incelenir:<\/p>\n<ol>\n<li>Hastan\u0131n semptomlar\u0131n\u0131n\u00a0 listelenmesi<\/li>\n<li>\u0130la\u00e7 semptomlar\u0131n\u0131n\u00a0 listelenmesi, sa\u011fl\u0131kl\u0131 insanlarda\u00a0 ila\u00e7 denemesinin ara\u015ft\u0131r\u0131lmas\u0131d\u0131r H\u0130D<\/li>\n<li>Her iki semptom\u00a0 listesi\u00a0 de\u00a0 benzerlik\u00a0 ilkesi\u00a0 do\u011frultusunda\u00a0 \u00a0Similia Similibus\u00a0 \u00a0Curentur\u00a0 olarak\u00a0 kar\u015f\u0131la\u015ft\u0131r\u0131l\u0131r<\/li>\n<li>Hastal\u0131k tablosuna \u00a0en \u00a0benzer\u00a0 ilac\u0131n\u00a0 re\u00e7ete edilmesi<\/li>\n<li>Uygun potens<\/li>\n<\/ol>\n<p>Homeopati,\u00a0 \u00a0iyi\u00a0 e\u011fitim\u00a0 alm\u0131\u015f, tecr\u00fcbeli\u00a0 hekimlerin\u00a0 elinde olarak ilave bir se\u00e7im\u00a0 olana\u011f\u0131d\u0131r. Ayn\u0131\u00a0 zamanda\u00a0 belirgin\u00a0 olarak\u00a0 daha\u00a0 az ila\u00e7\u00a0 kullan\u0131m ihtiyac\u0131n\u0131 \u00a0da ortaya\u00a0 koymaktad\u0131r. \u00a0Kronik\u00a0 hastalar\u0131\u00a0 \u00a0% 70\u2019in \u00fczerinde\u00a0 bir oranda, kal\u0131c\u0131\u00a0 olarak\u00a0 \u00a0en\u00a0 \u00a0az \u00a0\u00a0% 50\u2019lik \u00a0\u00a0bir\u00a0 iyile\u015fme\u00a0 sa\u011flanmaktad\u0131r. Tabii\u00a0 ki\u00a0\u00a0 homeopati\u00a0 ile\u00a0 tamamen\u00a0 iyile\u015fme\u00a0 olana\u011f\u0131 da sa\u011flanmaktad\u0131r.<\/p>\n<\/div><\/div><div class=\"wpb_text_column us_custom_3841d46a boxshadow\"><div class=\"wpb_wrapper\"><h3>Amac\u0131m\u0131z<\/h3>\n<p>Sa\u011fl\u0131k sistemimizde\u00a0 homeopati\u00a0 uygulamalar\u0131na\u00a0 y\u00f6nelerek hastalar\u0131m\u0131z\u0131n\u00a0 \u00e7\u0131karlar\u0131\u00a0 do\u011frultusunda\u00a0 hareket\u00a0 ediyoruz.<\/p>\n<p>Homeopatiyi HERKES i\u00e7in\u00a0 en \u00fcst seviyede serbest\u00e7e ula\u015f\u0131labilir olarak sunmak istiyoruz.<\/p>\n<p>Ulrike Fr\u00f6hlich<br \/>\nDr. Elisabeth H\u00e4cker\u2013Strobusch<br \/>\nHans Baitinger<br \/>\n<em>Hahnemann Gesellschaft Derne\u011fi Y\u00f6netimi<\/em><\/p>\n<\/div><\/div><\/div><\/div><\/div><\/div><\/div><\/section>\n","protected":false},"excerpt":{"rendered":"Homeopati Bilimini Akademik Yap\u0131ya D\u00f6n\u00fc\u015ft\u00fcrmek Biz hekimleriz G\u00f6revimiz\u00a0 \u015fifaya\u00a0 kavu\u015fturmakt\u0131r. Homeopati\u00a0 alan\u0131nda\u00a0 uzmanla\u015ft\u0131k. Hastalar\u0131m\u0131za\u00a0 olan\u00a0 sevgimiz\u00a0 ve\u00a0 sayg\u0131m\u0131z\u00a0 bizlerin\u00a0 hekim\u00a0 olarak\u00a0 hareket etmemizdeki\u00a0 ba\u015fl\u0131ca\u00a0 etkendir! Bizim kalitemiz Bizler\u00a0 hekimleriz. Anemnez\u00a0 g\u00f6r\u00fc\u015fmemiz, laboratuar\u00a0 testleri, hastal\u0131\u011f\u0131n te\u015fhisi\u00a0 ve\u00a0 tedavi\u00a0 konusu\u00a0 hastalar\u00a0 ile\u00a0 her kar\u015f\u0131la\u015fma\u00a0 an\u0131ndaki\u00a0 temel\u00a0 alanlard\u0131r. Homeopatik\u00a0 ilaca\u00a0 ula\u015fmak\u00a0 i\u00e7in \u00a0analiz\u00a0 teknikleri\u00a0 amac\u0131yla, hastal\u0131\u011f\u0131n\u00a0 karakteristik\u00a0 bulgular\u0131na\u00a0...","protected":false},"author":2,"featured_media":0,"parent":0,"menu_order":30,"comment_status":"closed","ping_status":"closed","template":"","meta":{"_acf_changed":false,"footnotes":""},"acf":[],"yoast_head":"<!-- This site is optimized with the Yoast SEO plugin v23.0 - https:\/\/yoast.com\/wordpress\/plugins\/seo\/ -->\n<title>Derne\u011fimiz - Hahnemann Gesellschaft<\/title>\n<meta name=\"robots\" content=\"index, follow, max-snippet:-1, max-image-preview:large, max-video-preview:-1\" \/>\n<link rel=\"canonical\" href=\"https:\/\/neu.hahnemann-gesellschaft.de\/tr\/dernegimiz\/\" \/>\n<meta property=\"og:locale\" content=\"tr_TR\" \/>\n<meta property=\"og:type\" content=\"article\" \/>\n<meta property=\"og:title\" content=\"Derne\u011fimiz - Hahnemann Gesellschaft\" \/>\n<meta property=\"og:url\" content=\"https:\/\/neu.hahnemann-gesellschaft.de\/tr\/dernegimiz\/\" \/>\n<meta property=\"og:site_name\" content=\"Hahnemann Gesellschaft\" \/>\n<meta property=\"article:publisher\" content=\"https:\/\/www.facebook.com\/HahnemannGER\" \/>\n<meta property=\"article:modified_time\" content=\"2020-07-24T13:42:03+00:00\" \/>\n<meta name=\"twitter:card\" content=\"summary_large_image\" \/>\n<meta name=\"twitter:site\" content=\"@HahnemannDE\" \/>\n<meta name=\"twitter:label1\" content=\"Tahmini okuma s\u00fcresi\" \/>\n\t<meta name=\"twitter:data1\" content=\"4 dakika\" \/>\n<script type=\"application\/ld+json\" class=\"yoast-schema-graph\">{\"@context\":\"https:\/\/schema.org\",\"@graph\":[{\"@type\":\"WebPage\",\"@id\":\"https:\/\/neu.hahnemann-gesellschaft.de\/tr\/dernegimiz\/\",\"url\":\"https:\/\/neu.hahnemann-gesellschaft.de\/tr\/dernegimiz\/\",\"name\":\"Derne\u011fimiz - Hahnemann Gesellschaft\",\"isPartOf\":{\"@id\":\"https:\/\/www.hahnemann-gesellschaft.de\/tr\/#website\"},\"datePublished\":\"2020-06-22T05:39:52+00:00\",\"dateModified\":\"2020-07-24T13:42:03+00:00\",\"breadcrumb\":{\"@id\":\"https:\/\/neu.hahnemann-gesellschaft.de\/tr\/dernegimiz\/#breadcrumb\"},\"inLanguage\":\"tr\",\"potentialAction\":[{\"@type\":\"ReadAction\",\"target\":[\"https:\/\/neu.hahnemann-gesellschaft.de\/tr\/dernegimiz\/\"]}]},{\"@type\":\"BreadcrumbList\",\"@id\":\"https:\/\/neu.hahnemann-gesellschaft.de\/tr\/dernegimiz\/#breadcrumb\",\"itemListElement\":[{\"@type\":\"ListItem\",\"position\":1,\"name\":\"Startseite\",\"item\":\"https:\/\/neu.hahnemann-gesellschaft.de\/tr\/\"},{\"@type\":\"ListItem\",\"position\":2,\"name\":\"Derne\u011fimiz\"}]},{\"@type\":\"WebSite\",\"@id\":\"https:\/\/www.hahnemann-gesellschaft.de\/tr\/#website\",\"url\":\"https:\/\/www.hahnemann-gesellschaft.de\/tr\/\",\"name\":\"Hahnemann Gesellschaft\",\"description\":\"\",\"publisher\":{\"@id\":\"https:\/\/www.hahnemann-gesellschaft.de\/tr\/#organization\"},\"potentialAction\":[{\"@type\":\"SearchAction\",\"target\":{\"@type\":\"EntryPoint\",\"urlTemplate\":\"https:\/\/www.hahnemann-gesellschaft.de\/tr\/?s={search_term_string}\"},\"query-input\":\"required name=search_term_string\"}],\"inLanguage\":\"tr\"},{\"@type\":\"Organization\",\"@id\":\"https:\/\/www.hahnemann-gesellschaft.de\/tr\/#organization\",\"name\":\"Hahnemann Gesellschaft\",\"url\":\"https:\/\/www.hahnemann-gesellschaft.de\/tr\/\",\"logo\":{\"@type\":\"ImageObject\",\"inLanguage\":\"tr\",\"@id\":\"https:\/\/www.hahnemann-gesellschaft.de\/tr\/#\/schema\/logo\/image\/\",\"url\":\"https:\/\/www.hahnemann-gesellschaft.de\/wp-content\/uploads\/2020\/06\/hahneman-gesellschaft_72.jpg\",\"contentUrl\":\"https:\/\/www.hahnemann-gesellschaft.de\/wp-content\/uploads\/2020\/06\/hahneman-gesellschaft_72.jpg\",\"width\":830,\"height\":213,\"caption\":\"Hahnemann Gesellschaft\"},\"image\":{\"@id\":\"https:\/\/www.hahnemann-gesellschaft.de\/tr\/#\/schema\/logo\/image\/\"},\"sameAs\":[\"https:\/\/www.facebook.com\/HahnemannGER\",\"https:\/\/x.com\/HahnemannDE\"]}]}<\/script>\n<!-- \/ Yoast SEO plugin. -->","yoast_head_json":{"title":"Derne\u011fimiz - Hahnemann Gesellschaft","robots":{"index":"index","follow":"follow","max-snippet":"max-snippet:-1","max-image-preview":"max-image-preview:large","max-video-preview":"max-video-preview:-1"},"canonical":"https:\/\/neu.hahnemann-gesellschaft.de\/tr\/dernegimiz\/","og_locale":"tr_TR","og_type":"article","og_title":"Derne\u011fimiz - Hahnemann Gesellschaft","og_url":"https:\/\/neu.hahnemann-gesellschaft.de\/tr\/dernegimiz\/","og_site_name":"Hahnemann Gesellschaft","article_publisher":"https:\/\/www.facebook.com\/HahnemannGER","article_modified_time":"2020-07-24T13:42:03+00:00","twitter_card":"summary_large_image","twitter_site":"@HahnemannDE","twitter_misc":{"Tahmini okuma s\u00fcresi":"4 dakika"},"schema":{"@context":"https:\/\/schema.org","@graph":[{"@type":"WebPage","@id":"https:\/\/neu.hahnemann-gesellschaft.de\/tr\/dernegimiz\/","url":"https:\/\/neu.hahnemann-gesellschaft.de\/tr\/dernegimiz\/","name":"Derne\u011fimiz - Hahnemann Gesellschaft","isPartOf":{"@id":"https:\/\/www.hahnemann-gesellschaft.de\/tr\/#website"},"datePublished":"2020-06-22T05:39:52+00:00","dateModified":"2020-07-24T13:42:03+00:00","breadcrumb":{"@id":"https:\/\/neu.hahnemann-gesellschaft.de\/tr\/dernegimiz\/#breadcrumb"},"inLanguage":"tr","potentialAction":[{"@type":"ReadAction","target":["https:\/\/neu.hahnemann-gesellschaft.de\/tr\/dernegimiz\/"]}]},{"@type":"BreadcrumbList","@id":"https:\/\/neu.hahnemann-gesellschaft.de\/tr\/dernegimiz\/#breadcrumb","itemListElement":[{"@type":"ListItem","position":1,"name":"Startseite","item":"https:\/\/neu.hahnemann-gesellschaft.de\/tr\/"},{"@type":"ListItem","position":2,"name":"Derne\u011fimiz"}]},{"@type":"WebSite","@id":"https:\/\/www.hahnemann-gesellschaft.de\/tr\/#website","url":"https:\/\/www.hahnemann-gesellschaft.de\/tr\/","name":"Hahnemann Gesellschaft","description":"","publisher":{"@id":"https:\/\/www.hahnemann-gesellschaft.de\/tr\/#organization"},"potentialAction":[{"@type":"SearchAction","target":{"@type":"EntryPoint","urlTemplate":"https:\/\/www.hahnemann-gesellschaft.de\/tr\/?s={search_term_string}"},"query-input":"required name=search_term_string"}],"inLanguage":"tr"},{"@type":"Organization","@id":"https:\/\/www.hahnemann-gesellschaft.de\/tr\/#organization","name":"Hahnemann Gesellschaft","url":"https:\/\/www.hahnemann-gesellschaft.de\/tr\/","logo":{"@type":"ImageObject","inLanguage":"tr","@id":"https:\/\/www.hahnemann-gesellschaft.de\/tr\/#\/schema\/logo\/image\/","url":"https:\/\/www.hahnemann-gesellschaft.de\/wp-content\/uploads\/2020\/06\/hahneman-gesellschaft_72.jpg","contentUrl":"https:\/\/www.hahnemann-gesellschaft.de\/wp-content\/uploads\/2020\/06\/hahneman-gesellschaft_72.jpg","width":830,"height":213,"caption":"Hahnemann Gesellschaft"},"image":{"@id":"https:\/\/www.hahnemann-gesellschaft.de\/tr\/#\/schema\/logo\/image\/"},"sameAs":["https:\/\/www.facebook.com\/HahnemannGER","https:\/\/x.com\/HahnemannDE"]}]}},"_links":{"self":[{"href":"https:\/\/neu.hahnemann-gesellschaft.de\/tr\/wp-json\/wp\/v2\/pages\/2457"}],"collection":[{"href":"https:\/\/neu.hahnemann-gesellschaft.de\/tr\/wp-json\/wp\/v2\/pages"}],"about":[{"href":"https:\/\/neu.hahnemann-gesellschaft.de\/tr\/wp-json\/wp\/v2\/types\/page"}],"author":[{"embeddable":true,"href":"https:\/\/neu.hahnemann-gesellschaft.de\/tr\/wp-json\/wp\/v2\/users\/2"}],"replies":[{"embeddable":true,"href":"https:\/\/neu.hahnemann-gesellschaft.de\/tr\/wp-json\/wp\/v2\/comments?post=2457"}],"version-history":[{"count":7,"href":"https:\/\/neu.hahnemann-gesellschaft.de\/tr\/wp-json\/wp\/v2\/pages\/2457\/revisions"}],"predecessor-version":[{"id":3177,"href":"https:\/\/neu.hahnemann-gesellschaft.de\/tr\/wp-json\/wp\/v2\/pages\/2457\/revisions\/3177"}],"wp:attachment":[{"href":"https:\/\/neu.hahnemann-gesellschaft.de\/tr\/wp-json\/wp\/v2\/media?parent=2457"}],"curies":[{"name":"wp","href":"https:\/\/api.w.org\/{rel}","templated":true}]}}