{"id":2141,"date":"2020-06-12T18:37:42","date_gmt":"2020-06-12T16:37:42","guid":{"rendered":"http:\/\/neu.hahnemann-gesellschaft.de\/?page_id=2141"},"modified":"2020-06-24T19:19:29","modified_gmt":"2020-06-24T17:19:29","slug":"behandlungsanfrage-termine","status":"publish","type":"page","link":"https:\/\/neu.hahnemann-gesellschaft.de\/tr\/uluslararasi-ofis\/behandlungsanfrage-termine\/","title":{"rendered":"Tedavi i\u00e7in talep ve tarihleri"},"content":{"rendered":"<section class=\"l-section wpb_row height_auto width_full\"><div class=\"l-section-h i-cf\"><div class=\"g-cols vc_row via_flex valign_top type_default stacking_default\"><div class=\"vc_col-sm-12 wpb_column vc_column_container\"><div class=\"vc_column-inner\"><div class=\"wpb_wrapper\"><section class=\"l-section wpb_row height_medium width_full\"><div class=\"l-section-h i-cf\"><div class=\"g-cols vc_row via_flex valign_top type_default stacking_default\"><div class=\"vc_col-sm-12 wpb_column vc_column_container\"><div class=\"vc_column-inner\"><div class=\"wpb_wrapper\"><div class=\"wpb_text_column\"><div class=\"wpb_wrapper\"><h1 style=\"text-align: center;\">Uluslararas\u0131 ofis<\/h1>\n<\/div><\/div><ol class=\"g-breadcrumbs separator_icon align_center\" itemscope itemtype=\"http:\/\/schema.org\/BreadcrumbList\"><li class=\"g-breadcrumbs-item\" itemscope itemprop=\"itemListElement\" itemtype=\"http:\/\/schema.org\/ListItem\"><a itemprop=\"item\" href=\"https:\/\/neu.hahnemann-gesellschaft.de\/tr\/\"><span itemprop=\"name\">Ba\u015flang\u0131\u00e7<\/span><\/a><meta itemprop=\"position\" content=\"1\"\/><\/li><li class=\"g-breadcrumbs-separator\"><i class=\"far fa-angle-right\"><\/i><\/li><li class=\"g-breadcrumbs-item\">Sayfalar<\/li><\/ol><\/div><\/div><\/div><\/div><\/div><\/section>\n<\/div><\/div><\/div><\/div><\/div><\/section><section class=\"l-section wpb_row us_custom_3283a606 height_auto type_sticky\"><div class=\"l-section-h i-cf\"><div class=\"g-cols vc_row via_flex valign_top type_default stacking_default\"><div class=\"vc_col-sm-12 wpb_column vc_column_container\"><div class=\"vc_column-inner\"><div class=\"wpb_wrapper\"><div class=\"w-menu us_custom_eb849559 layout_hor style_blocks us_menu_1\" style=\"--main-gap:1.5rem;--main-ver-indent:0.8em;--main-hor-indent:0.8em;\"><ul id=\"menu-international-office-tr\" class=\"menu\"><li id=\"menu-item-2194\" class=\"menu-item menu-item-type-post_type menu-item-object-page menu-item-2194\"><a href=\"https:\/\/neu.hahnemann-gesellschaft.de\/tr\/uluslararasi-ofis\/\">genel bak\u0131\u015f<\/a><\/li><li id=\"menu-item-2195\" class=\"menu-item menu-item-type-post_type menu-item-object-page menu-item-2195\"><a href=\"https:\/\/neu.hahnemann-gesellschaft.de\/tr\/uluslararasi-ofis\/behandlungsanfrage-termine\/\">Tedavi i\u00e7in talep ve tarihleri<\/a><\/li><li id=\"menu-item-2196\" class=\"menu-item menu-item-type-post_type menu-item-object-page menu-item-2196\"><a href=\"https:\/\/neu.hahnemann-gesellschaft.de\/tr\/uluslararasi-ofis\/ablauf\/\">\u0130\u015fletim prosed\u00fcr\u00fc<\/a><\/li><li id=\"menu-item-2197\" class=\"menu-item menu-item-type-post_type menu-item-object-page menu-item-2197\"><a href=\"https:\/\/neu.hahnemann-gesellschaft.de\/tr\/uluslararasi-ofis\/kosten\/\">Masraflar<\/a><\/li><li id=\"menu-item-2198\" class=\"menu-item menu-item-type-post_type menu-item-object-page menu-item-2198\"><a href=\"https:\/\/neu.hahnemann-gesellschaft.de\/tr\/uluslararasi-ofis\/service\/\">Hizmet<\/a><\/li><li id=\"menu-item-2199\" class=\"menu-item menu-item-type-post_type menu-item-object-page menu-item-2199\"><a href=\"https:\/\/neu.hahnemann-gesellschaft.de\/tr\/uluslararasi-ofis\/kayit-formu\/\">Kay\u0131t formu<\/a><\/li><li id=\"menu-item-2200\" class=\"menu-item menu-item-type-post_type menu-item-object-page menu-item-2200\"><a href=\"https:\/\/neu.hahnemann-gesellschaft.de\/tr\/uluslararasi-ofis\/kontakt\/\">\u0130leti\u015fim bilgileri<\/a><\/li><\/ul><style>.us_menu_1 .menu>li>a{background:#ffffff}.us_menu_1 .menu>li>a{color:inherit}.us_menu_1 .menu>.menu-item:not(.current-menu-item)>a:hover{background:#32B9CD}.us_menu_1 .menu>.menu-item:not(.current-menu-item)>a:hover{color:#ffffff}@media ( max-width:600px ){.us_menu_1 .menu{display:block!important}.us_menu_1 .menu>li{margin:0 0 var(--main-gap,1.5rem)!important}}<\/style><\/div><\/div><\/div><\/div><\/div><\/div><\/section><section class=\"l-section wpb_row boxshadow height_auto color_alternate\"><div class=\"l-section-h i-cf\"><div class=\"g-cols vc_row via_flex valign_top type_default stacking_default\"><div class=\"vc_col-sm-8 wpb_column vc_column_container\"><div class=\"vc_column-inner us_custom_cfd0d040\"><div class=\"wpb_wrapper\"><div class=\"wpb_text_column\"><div class=\"wpb_wrapper\"><h2>Tedavi i\u00e7in talepler<\/h2>\n<\/div><\/div><div class=\"wpb_text_column\"><div class=\"wpb_wrapper\"><p>Geri bildirim formu, elektronik posta veya uluslararas\u0131 posta \u015fubesi arac\u0131l\u0131\u011f\u0131yla bize bir tedavi talebini g\u00f6ndermeniz rica olunur.<\/p>\n<h3>\u00d6nemli:<\/h3>\n<p>Tedavi veya \u00f6n maliyet ke\u015ffi \u00f6nerilerde bulunmak i\u00e7in a\u015fa\u011f\u0131da sunulmu\u015f t\u0131bbi raporlar\u0131n\u0131n kopyalar\u0131n\u0131 ve Almanca, \u0130ngilizce veya Rus\u00e7a dilinde elle yaz\u0131lm\u0131\u015f ge\u00e7mi\u015f t\u0131bbi hikayesini bize g\u00f6ndermenizi gerekmektedir.<\/p>\n<h3>T\u0131bbi raporlar\u0131:<\/h3>\n<ul>\n<li>Hastan\u0131n t\u0131bbi hikayesi 3 aydan eski olmamal\u0131d\u0131r. (Verili\u015f tarihi son 3 ayl\u0131k olmal\u0131.)<\/li>\n<li>T\u0131bbi g\u00f6r\u00fcnt\u00fcleme (manyetik rezonans g\u00f6r\u00fcnt\u00fcleme\/ \u00a0tomografi\/Pozitron emisyon tomografisi vb. MR\/PET-CT vs.) &#8211; posta yolu ile g\u00f6nderilir.<\/li>\n<li>Laboratuvar testler ile ilgili \u00a0mevcut g\u00fcncel veriler<\/li>\n<li>Varsa ameliyat sonu\u00e7 verileri<\/li>\n<li>T\u00fcm\u00f6r hastal\u0131klar\u0131nda: Histolojik incelemeler sonu\u00e7lar\u0131 ile ilgili veriler, daha \u00f6nce tamamlanm\u0131\u015f tedavi uygular\u0131 hakk\u0131nda bilgiler ve \u00f6nceki protokoller<\/li>\n<\/ul>\n<h3>Hastan\u0131n kendi anamnezi ve hastal\u0131k \u00f6yk\u00fcs\u00fc:<\/h3>\n<ul>\n<li>Bize nas\u0131l ula\u015ft\u0131n\u0131z?<\/li>\n<li>\u015eu anda hangi \u015fikayetleriniz var?<\/li>\n<li>Bu d\u00f6nemde hangi ila\u00e7lar\u0131 kullan\u0131yorsunuz ve bunlar\u0131n dozlar\u0131 nelerdir?<\/li>\n<li>Mevcut hastal\u0131\u011f\u0131n geli\u015fimi ve hikayesi<\/li>\n<li>Kal\u0131tsal bozukluklar<\/li>\n<\/ul>\n<h3>Tarihler:<\/h3>\n<p>\u0130stedi\u011finiz tarihleri bildirmeniz rica olunur. M\u00fcmk\u00fcn oldu\u011fu kadar bu tarihlerde olmas\u0131 i\u00e7in elimizden geleni yapaca\u011f\u0131z. \u00d6n maliyet ke\u015ffinde belirtilmi\u015f tutar \u00f6dendikten sonra ancak belirlenen tarihleri size teyit edebiliriz.<\/p>\n<\/div><\/div><\/div><\/div><\/div><div class=\"vc_col-sm-4 wpb_column vc_column_container has_bg_color stretched\"><div class=\"vc_column-inner us_custom_3f22a050\"><div class=\"wpb_wrapper\"><\/div><\/div><\/div><\/div><\/div><\/section>\n","protected":false},"excerpt":{"rendered":"Uluslararas\u0131 ofis Ba\u015flang\u0131\u00e7Sayfalar genel bak\u0131\u015fTedavi i\u00e7in talep ve tarihleri\u0130\u015fletim prosed\u00fcr\u00fcMasraflarHizmetKay\u0131t formu\u0130leti\u015fim bilgileriTedavi i\u00e7in talepler Geri bildirim formu, elektronik posta veya uluslararas\u0131 posta \u015fubesi arac\u0131l\u0131\u011f\u0131yla bize bir tedavi talebini g\u00f6ndermeniz rica olunur. \u00d6nemli: Tedavi veya \u00f6n maliyet ke\u015ffi \u00f6nerilerde bulunmak i\u00e7in a\u015fa\u011f\u0131da sunulmu\u015f t\u0131bbi raporlar\u0131n\u0131n kopyalar\u0131n\u0131 ve Almanca, \u0130ngilizce veya Rus\u00e7a dilinde elle yaz\u0131lm\u0131\u015f ge\u00e7mi\u015f t\u0131bbi...","protected":false},"author":2,"featured_media":0,"parent":2004,"menu_order":10,"comment_status":"closed","ping_status":"closed","template":"","meta":{"_acf_changed":false,"footnotes":""},"acf":[],"yoast_head":"<!-- This site is optimized with the Yoast SEO plugin v23.0 - https:\/\/yoast.com\/wordpress\/plugins\/seo\/ -->\n<title>Tedavi i\u00e7in talep ve tarihleri - Hahnemann Gesellschaft<\/title>\n<meta name=\"robots\" content=\"index, follow, max-snippet:-1, max-image-preview:large, max-video-preview:-1\" \/>\n<link rel=\"canonical\" href=\"https:\/\/neu.hahnemann-gesellschaft.de\/tr\/uluslararasi-ofis\/behandlungsanfrage-termine\/\" \/>\n<meta property=\"og:locale\" content=\"tr_TR\" \/>\n<meta property=\"og:type\" content=\"article\" \/>\n<meta property=\"og:title\" content=\"Tedavi i\u00e7in talep ve tarihleri - Hahnemann Gesellschaft\" \/>\n<meta property=\"og:url\" content=\"https:\/\/neu.hahnemann-gesellschaft.de\/tr\/uluslararasi-ofis\/behandlungsanfrage-termine\/\" \/>\n<meta property=\"og:site_name\" content=\"Hahnemann Gesellschaft\" \/>\n<meta property=\"article:publisher\" content=\"https:\/\/www.facebook.com\/HahnemannGER\" \/>\n<meta property=\"article:modified_time\" content=\"2020-06-24T17:19:29+00:00\" \/>\n<meta name=\"twitter:card\" content=\"summary_large_image\" \/>\n<meta name=\"twitter:site\" content=\"@HahnemannDE\" \/>\n<meta name=\"twitter:label1\" content=\"Tahmini okuma s\u00fcresi\" \/>\n\t<meta name=\"twitter:data1\" content=\"2 dakika\" \/>\n<script type=\"application\/ld+json\" class=\"yoast-schema-graph\">{\"@context\":\"https:\/\/schema.org\",\"@graph\":[{\"@type\":\"WebPage\",\"@id\":\"https:\/\/neu.hahnemann-gesellschaft.de\/tr\/uluslararasi-ofis\/behandlungsanfrage-termine\/\",\"url\":\"https:\/\/neu.hahnemann-gesellschaft.de\/tr\/uluslararasi-ofis\/behandlungsanfrage-termine\/\",\"name\":\"Tedavi i\u00e7in talep ve tarihleri - Hahnemann Gesellschaft\",\"isPartOf\":{\"@id\":\"https:\/\/www.hahnemann-gesellschaft.de\/tr\/#website\"},\"datePublished\":\"2020-06-12T16:37:42+00:00\",\"dateModified\":\"2020-06-24T17:19:29+00:00\",\"breadcrumb\":{\"@id\":\"https:\/\/neu.hahnemann-gesellschaft.de\/tr\/uluslararasi-ofis\/behandlungsanfrage-termine\/#breadcrumb\"},\"inLanguage\":\"tr\",\"potentialAction\":[{\"@type\":\"ReadAction\",\"target\":[\"https:\/\/neu.hahnemann-gesellschaft.de\/tr\/uluslararasi-ofis\/behandlungsanfrage-termine\/\"]}]},{\"@type\":\"BreadcrumbList\",\"@id\":\"https:\/\/neu.hahnemann-gesellschaft.de\/tr\/uluslararasi-ofis\/behandlungsanfrage-termine\/#breadcrumb\",\"itemListElement\":[{\"@type\":\"ListItem\",\"position\":1,\"name\":\"Startseite\",\"item\":\"https:\/\/www.hahnemann-gesellschaft.de\/tr\/\"},{\"@type\":\"ListItem\",\"position\":2,\"name\":\"Uluslararas\u0131 ofis\",\"item\":\"https:\/\/neu.hahnemann-gesellschaft.de\/tr\/uluslararasi-ofis\/\"},{\"@type\":\"ListItem\",\"position\":3,\"name\":\"Tedavi i\u00e7in talep ve tarihleri\"}]},{\"@type\":\"WebSite\",\"@id\":\"https:\/\/www.hahnemann-gesellschaft.de\/tr\/#website\",\"url\":\"https:\/\/www.hahnemann-gesellschaft.de\/tr\/\",\"name\":\"Hahnemann Gesellschaft\",\"description\":\"\",\"publisher\":{\"@id\":\"https:\/\/www.hahnemann-gesellschaft.de\/tr\/#organization\"},\"potentialAction\":[{\"@type\":\"SearchAction\",\"target\":{\"@type\":\"EntryPoint\",\"urlTemplate\":\"https:\/\/www.hahnemann-gesellschaft.de\/tr\/?s={search_term_string}\"},\"query-input\":\"required name=search_term_string\"}],\"inLanguage\":\"tr\"},{\"@type\":\"Organization\",\"@id\":\"https:\/\/www.hahnemann-gesellschaft.de\/tr\/#organization\",\"name\":\"Hahnemann Gesellschaft\",\"url\":\"https:\/\/www.hahnemann-gesellschaft.de\/tr\/\",\"logo\":{\"@type\":\"ImageObject\",\"inLanguage\":\"tr\",\"@id\":\"https:\/\/www.hahnemann-gesellschaft.de\/tr\/#\/schema\/logo\/image\/\",\"url\":\"https:\/\/www.hahnemann-gesellschaft.de\/wp-content\/uploads\/2020\/06\/hahneman-gesellschaft_72.jpg\",\"contentUrl\":\"https:\/\/www.hahnemann-gesellschaft.de\/wp-content\/uploads\/2020\/06\/hahneman-gesellschaft_72.jpg\",\"width\":830,\"height\":213,\"caption\":\"Hahnemann Gesellschaft\"},\"image\":{\"@id\":\"https:\/\/www.hahnemann-gesellschaft.de\/tr\/#\/schema\/logo\/image\/\"},\"sameAs\":[\"https:\/\/www.facebook.com\/HahnemannGER\",\"https:\/\/x.com\/HahnemannDE\"]}]}<\/script>\n<!-- \/ Yoast SEO plugin. -->","yoast_head_json":{"title":"Tedavi i\u00e7in talep ve tarihleri - Hahnemann Gesellschaft","robots":{"index":"index","follow":"follow","max-snippet":"max-snippet:-1","max-image-preview":"max-image-preview:large","max-video-preview":"max-video-preview:-1"},"canonical":"https:\/\/neu.hahnemann-gesellschaft.de\/tr\/uluslararasi-ofis\/behandlungsanfrage-termine\/","og_locale":"tr_TR","og_type":"article","og_title":"Tedavi i\u00e7in talep ve tarihleri - Hahnemann Gesellschaft","og_url":"https:\/\/neu.hahnemann-gesellschaft.de\/tr\/uluslararasi-ofis\/behandlungsanfrage-termine\/","og_site_name":"Hahnemann Gesellschaft","article_publisher":"https:\/\/www.facebook.com\/HahnemannGER","article_modified_time":"2020-06-24T17:19:29+00:00","twitter_card":"summary_large_image","twitter_site":"@HahnemannDE","twitter_misc":{"Tahmini okuma s\u00fcresi":"2 dakika"},"schema":{"@context":"https:\/\/schema.org","@graph":[{"@type":"WebPage","@id":"https:\/\/neu.hahnemann-gesellschaft.de\/tr\/uluslararasi-ofis\/behandlungsanfrage-termine\/","url":"https:\/\/neu.hahnemann-gesellschaft.de\/tr\/uluslararasi-ofis\/behandlungsanfrage-termine\/","name":"Tedavi i\u00e7in talep ve tarihleri - Hahnemann Gesellschaft","isPartOf":{"@id":"https:\/\/www.hahnemann-gesellschaft.de\/tr\/#website"},"datePublished":"2020-06-12T16:37:42+00:00","dateModified":"2020-06-24T17:19:29+00:00","breadcrumb":{"@id":"https:\/\/neu.hahnemann-gesellschaft.de\/tr\/uluslararasi-ofis\/behandlungsanfrage-termine\/#breadcrumb"},"inLanguage":"tr","potentialAction":[{"@type":"ReadAction","target":["https:\/\/neu.hahnemann-gesellschaft.de\/tr\/uluslararasi-ofis\/behandlungsanfrage-termine\/"]}]},{"@type":"BreadcrumbList","@id":"https:\/\/neu.hahnemann-gesellschaft.de\/tr\/uluslararasi-ofis\/behandlungsanfrage-termine\/#breadcrumb","itemListElement":[{"@type":"ListItem","position":1,"name":"Startseite","item":"https:\/\/www.hahnemann-gesellschaft.de\/tr\/"},{"@type":"ListItem","position":2,"name":"Uluslararas\u0131 ofis","item":"https:\/\/neu.hahnemann-gesellschaft.de\/tr\/uluslararasi-ofis\/"},{"@type":"ListItem","position":3,"name":"Tedavi i\u00e7in talep ve tarihleri"}]},{"@type":"WebSite","@id":"https:\/\/www.hahnemann-gesellschaft.de\/tr\/#website","url":"https:\/\/www.hahnemann-gesellschaft.de\/tr\/","name":"Hahnemann Gesellschaft","description":"","publisher":{"@id":"https:\/\/www.hahnemann-gesellschaft.de\/tr\/#organization"},"potentialAction":[{"@type":"SearchAction","target":{"@type":"EntryPoint","urlTemplate":"https:\/\/www.hahnemann-gesellschaft.de\/tr\/?s={search_term_string}"},"query-input":"required name=search_term_string"}],"inLanguage":"tr"},{"@type":"Organization","@id":"https:\/\/www.hahnemann-gesellschaft.de\/tr\/#organization","name":"Hahnemann Gesellschaft","url":"https:\/\/www.hahnemann-gesellschaft.de\/tr\/","logo":{"@type":"ImageObject","inLanguage":"tr","@id":"https:\/\/www.hahnemann-gesellschaft.de\/tr\/#\/schema\/logo\/image\/","url":"https:\/\/www.hahnemann-gesellschaft.de\/wp-content\/uploads\/2020\/06\/hahneman-gesellschaft_72.jpg","contentUrl":"https:\/\/www.hahnemann-gesellschaft.de\/wp-content\/uploads\/2020\/06\/hahneman-gesellschaft_72.jpg","width":830,"height":213,"caption":"Hahnemann Gesellschaft"},"image":{"@id":"https:\/\/www.hahnemann-gesellschaft.de\/tr\/#\/schema\/logo\/image\/"},"sameAs":["https:\/\/www.facebook.com\/HahnemannGER","https:\/\/x.com\/HahnemannDE"]}]}},"_links":{"self":[{"href":"https:\/\/neu.hahnemann-gesellschaft.de\/tr\/wp-json\/wp\/v2\/pages\/2141"}],"collection":[{"href":"https:\/\/neu.hahnemann-gesellschaft.de\/tr\/wp-json\/wp\/v2\/pages"}],"about":[{"href":"https:\/\/neu.hahnemann-gesellschaft.de\/tr\/wp-json\/wp\/v2\/types\/page"}],"author":[{"embeddable":true,"href":"https:\/\/neu.hahnemann-gesellschaft.de\/tr\/wp-json\/wp\/v2\/users\/2"}],"replies":[{"embeddable":true,"href":"https:\/\/neu.hahnemann-gesellschaft.de\/tr\/wp-json\/wp\/v2\/comments?post=2141"}],"version-history":[{"count":5,"href":"https:\/\/neu.hahnemann-gesellschaft.de\/tr\/wp-json\/wp\/v2\/pages\/2141\/revisions"}],"predecessor-version":[{"id":2510,"href":"https:\/\/neu.hahnemann-gesellschaft.de\/tr\/wp-json\/wp\/v2\/pages\/2141\/revisions\/2510"}],"up":[{"embeddable":true,"href":"https:\/\/neu.hahnemann-gesellschaft.de\/tr\/wp-json\/wp\/v2\/pages\/2004"}],"wp:attachment":[{"href":"https:\/\/neu.hahnemann-gesellschaft.de\/tr\/wp-json\/wp\/v2\/media?parent=2141"}],"curies":[{"name":"wp","href":"https:\/\/api.w.org\/{rel}","templated":true}]}}