{"id":2004,"date":"2020-06-12T14:18:37","date_gmt":"2020-06-12T12:18:37","guid":{"rendered":"http:\/\/neu.hahnemann-gesellschaft.de\/?page_id=2004"},"modified":"2020-06-24T19:13:47","modified_gmt":"2020-06-24T17:13:47","slug":"uluslararasi-ofis","status":"publish","type":"page","link":"https:\/\/neu.hahnemann-gesellschaft.de\/tr\/uluslararasi-ofis\/","title":{"rendered":"Uluslararas\u0131 ofis"},"content":{"rendered":"<section class=\"l-section wpb_row height_auto\"><div class=\"l-section-h i-cf\"><div class=\"g-cols vc_row via_flex valign_top type_default stacking_default\"><div class=\"vc_col-sm-12 wpb_column vc_column_container\"><div class=\"vc_column-inner\"><div class=\"wpb_wrapper\"><section class=\"l-section wpb_row height_medium\"><div class=\"l-section-h i-cf\"><div class=\"g-cols vc_row via_flex valign_top type_default stacking_default\"><div class=\"vc_col-sm-12 wpb_column vc_column_container\"><div class=\"vc_column-inner\"><div class=\"wpb_wrapper\"><div class=\"wpb_text_column\"><div class=\"wpb_wrapper\"><h1 style=\"text-align: center;\">Uluslararas\u0131 ofis<\/h1>\n<\/div><\/div><ol class=\"g-breadcrumbs separator_icon align_center\" itemscope itemtype=\"http:\/\/schema.org\/BreadcrumbList\"><li class=\"g-breadcrumbs-item\" itemscope itemprop=\"itemListElement\" itemtype=\"http:\/\/schema.org\/ListItem\"><a itemprop=\"item\" href=\"https:\/\/neu.hahnemann-gesellschaft.de\/tr\/\"><span itemprop=\"name\">Ba\u015flang\u0131\u00e7<\/span><\/a><meta itemprop=\"position\" content=\"1\"\/><\/li><li class=\"g-breadcrumbs-separator\"><i class=\"far fa-angle-right\"><\/i><\/li><li class=\"g-breadcrumbs-item\">Sayfalar<\/li><\/ol><\/div><\/div><\/div><\/div><\/div><\/section>\n<\/div><\/div><\/div><\/div><\/div><\/section><section class=\"l-section wpb_row us_custom_3283a606 height_auto type_sticky\"><div class=\"l-section-h i-cf\"><div class=\"g-cols vc_row via_flex valign_top type_default stacking_default\"><div class=\"vc_col-sm-12 wpb_column vc_column_container\"><div class=\"vc_column-inner\"><div class=\"wpb_wrapper\"><div class=\"w-menu us_custom_eb849559 layout_hor style_blocks us_menu_1\" style=\"--main-gap:1.5rem;--main-ver-indent:0.8em;--main-hor-indent:0.8em;\"><ul id=\"menu-international-office-tr\" class=\"menu\"><li id=\"menu-item-2194\" class=\"menu-item menu-item-type-post_type menu-item-object-page menu-item-2194\"><a href=\"https:\/\/neu.hahnemann-gesellschaft.de\/tr\/uluslararasi-ofis\/\">genel bak\u0131\u015f<\/a><\/li><li id=\"menu-item-2195\" class=\"menu-item menu-item-type-post_type menu-item-object-page menu-item-2195\"><a href=\"https:\/\/neu.hahnemann-gesellschaft.de\/tr\/uluslararasi-ofis\/behandlungsanfrage-termine\/\">Tedavi i\u00e7in talep ve tarihleri<\/a><\/li><li id=\"menu-item-2196\" class=\"menu-item menu-item-type-post_type menu-item-object-page menu-item-2196\"><a href=\"https:\/\/neu.hahnemann-gesellschaft.de\/tr\/uluslararasi-ofis\/ablauf\/\">\u0130\u015fletim prosed\u00fcr\u00fc<\/a><\/li><li id=\"menu-item-2197\" class=\"menu-item menu-item-type-post_type menu-item-object-page menu-item-2197\"><a href=\"https:\/\/neu.hahnemann-gesellschaft.de\/tr\/uluslararasi-ofis\/kosten\/\">Masraflar<\/a><\/li><li id=\"menu-item-2198\" class=\"menu-item menu-item-type-post_type menu-item-object-page menu-item-2198\"><a href=\"https:\/\/neu.hahnemann-gesellschaft.de\/tr\/uluslararasi-ofis\/service\/\">Hizmet<\/a><\/li><li id=\"menu-item-2199\" class=\"menu-item menu-item-type-post_type menu-item-object-page menu-item-2199\"><a href=\"https:\/\/neu.hahnemann-gesellschaft.de\/tr\/uluslararasi-ofis\/kayit-formu\/\">Kay\u0131t formu<\/a><\/li><li id=\"menu-item-2200\" class=\"menu-item menu-item-type-post_type menu-item-object-page menu-item-2200\"><a href=\"https:\/\/neu.hahnemann-gesellschaft.de\/tr\/uluslararasi-ofis\/kontakt\/\">\u0130leti\u015fim bilgileri<\/a><\/li><\/ul><style>.us_menu_1 .menu>li>a{background:#ffffff}.us_menu_1 .menu>li>a{color:inherit}.us_menu_1 .menu>.menu-item:not(.current-menu-item)>a:hover{background:#32B9CD}.us_menu_1 .menu>.menu-item:not(.current-menu-item)>a:hover{color:#ffffff}@media ( max-width:600px ){.us_menu_1 .menu{display:block!important}.us_menu_1 .menu>li{margin:0 0 var(--main-gap,1.5rem)!important}}<\/style><\/div><\/div><\/div><\/div><\/div><\/div><\/section><section class=\"l-section wpb_row boxshadow height_medium color_alternate\"><div class=\"l-section-h i-cf\"><div class=\"g-cols vc_row via_flex valign_top type_default stacking_default\"><div class=\"vc_col-sm-12 wpb_column vc_column_container\"><div class=\"vc_column-inner\"><div class=\"wpb_wrapper\"><div class=\"g-cols wpb_row via_flex valign_top type_default stacking_default\"><div class=\"vc_col-sm-8 wpb_column vc_column_container\"><div class=\"vc_column-inner\"><div class=\"wpb_wrapper\"><div class=\"wpb_text_column\"><div class=\"wpb_wrapper\"><p><strong>Herhangi bir sa\u011fl\u0131k sorunu ya\u015f\u0131yor musunuz? <\/strong><\/p>\n<p>\u0130yile\u015fmeniz i\u00e7in \u00f6nlemler alacak ve tavsiyeler edecek deneyimli uzman doktoruna m\u0131 ihtiyac\u0131n\u0131z var?<\/p>\n<p>Almanya\u2019da sa\u011fl\u0131k hizmet standart kalitesi \u00e7ok y\u00fcksektir.<\/p>\n<p>Homeopati, Hahnemann Derne\u011fi (Hahnemann Association) \u00fcyelerinin hepsinin mesleki alanda tecr\u00fcbelidir. Hepsi \u00e7ok deneyimli ve homeopati konusunda uzmanla\u015fm\u0131\u015f doktorlard\u0131r. Sizinle birlikte tedavinizde en etkili olacak kapsaml\u0131 tan\u0131 ve tedavi plan\u0131n\u0131 geli\u015ftirmektedirler. Gerekti\u011finde alan\u0131nda uzmanla\u015fm\u0131\u015f t\u0131p merkezlerine y\u00f6nlendirerek bireysel ileri te\u015fhis y\u00f6ntemleri ile birlikte entegre \u00e7al\u0131\u015fmaktad\u0131rlar.<\/p>\n<p>Homeopati ve konvansiyonel t\u0131p alan\u0131nda birlikteki \u00e7al\u0131\u015fmak elbette doktorlar\u0131m\u0131z taraf\u0131ndan kabul edilmektedir.<\/p>\n<p><strong>Kime yard\u0131mc\u0131 olabiliriz?<\/strong><\/p>\n<p>Yurtd\u0131\u015f\u0131nda ya\u015f\u0131yorsan\u0131z ve Alman yasalar\u0131na g\u00f6re sa\u011fl\u0131k sigortan\u0131z yok ise, International Office Hahnemann Association sizin dan\u0131\u015fman\u0131n\u0131zd\u0131r.<\/p>\n<p><strong>Sizin i\u00e7in neler yap\u0131yoruz?<\/strong><\/p>\n<p>T\u0131bbi sorununuzun ne oldu\u011funu anlay\u0131p ve bu sorununuzu \u00e7\u00f6zmek bizim \u00f6nceli\u011fimizdir.<\/p>\n<p>International Office Hahnemann Association Almanya\u2019daki sizin konaklaman\u0131z ile ilgili t\u00fcm idari sorunlar\u0131 halletmektedir. Formalitelerin yerine getirilmesinde ve t\u0131bbi hizmetlerin sa\u011flanmas\u0131nda size t\u00fcm deste\u011fi vermekteyiz. \u0130\u015fbu formaliteler ve t\u0131bbi hizmetleri a\u015fa\u011f\u0131daki prosed\u00fcrleri i\u00e7ermektedir:<\/p>\n<ul>\n<li>Tedavi i\u00e7in talepler<\/li>\n<li>Tarihlerin planlamas\u0131<\/li>\n<li>Vize al\u0131nmas\u0131 ile ilgili sorunlar\u0131n \u00e7\u00f6z\u00fclmesi<\/li>\n<li>Ula\u015f\u0131m organizasyonu<\/li>\n<li>S\u00f6zl\u00fc \u00e7eviri, terc\u00fcme<\/li>\n<li>T\u0131bbi raporlar\u0131n \u00e7evirisi<\/li>\n<li>Faturaland\u0131rma<\/li>\n<\/ul>\n<p>Ayr\u0131ca bunlar\u0131n \u00f6tesindeki ki\u015fisel isteklerinizi g\u00f6r\u00fc\u015fmeye her zaman haz\u0131r\u0131z.<\/p>\n<p>Kesinlikle son derece \u00f6zel olarak, ki\u015fisel verileri koruyarak gizlilik \u00e7er\u00e7evesinde \u00e7al\u0131\u015fmaktay\u0131z.<\/p>\n<p>Almanya\u2019 da t\u0131bbi i\u015flem alan\u0131nda uzmanlar\u0131m\u0131z ile organizasyon ve uygulama s\u00fcrecinde uzun y\u0131llara dayanan tecr\u00fcbemiz vard\u0131r.<\/p>\n<p>Bunun i\u00e7in bize her zaman g\u00fcvenebilirsiniz. Size her zaman yard\u0131mc\u0131 olmaya haz\u0131r\u0131z.<\/p>\n<p>Sorular\u0131n\u0131z i\u00e7in<\/p>\n<p>Julia Jahanyar<\/p>\n<p>\u0130nternational Office Hahnemann Association Y\u00f6neticisi<\/p>\n<\/div><\/div><div class=\"wpb_text_column\"><div class=\"wpb_wrapper\"><\/div><\/div><\/div><\/div><\/div><div class=\"vc_col-sm-4 wpb_column vc_column_container\"><div class=\"vc_column-inner\"><div class=\"wpb_wrapper\"><div class=\"wpb_text_column\"><div class=\"wpb_wrapper\"><h4><strong>\u0130leti\u015fim bilgileri <\/strong><\/h4>\n<p>International Office<br \/>\nHahnemann Association<br \/>\nBiebricher Alle 59<br \/>\n65187 Wiesbaden<br \/>\nGermany<br \/>\n<a href=\"mailto:International-office@hahnemann-association.com\">international-office@hahnemann-association.com<\/a><br \/>\nfon 0049 611 8420304<br \/>\nfax\u00a0 0049 611 8420301<\/p>\n<\/div><\/div><\/div><\/div><\/div><\/div><\/div><\/div><\/div><\/div><\/div><\/section>\n","protected":false},"excerpt":{"rendered":"Uluslararas\u0131 ofis Ba\u015flang\u0131\u00e7Sayfalar genel bak\u0131\u015fTedavi i\u00e7in talep ve tarihleri\u0130\u015fletim prosed\u00fcr\u00fcMasraflarHizmetKay\u0131t formu\u0130leti\u015fim bilgileriHerhangi bir sa\u011fl\u0131k sorunu ya\u015f\u0131yor musunuz? \u0130yile\u015fmeniz i\u00e7in \u00f6nlemler alacak ve tavsiyeler edecek deneyimli uzman doktoruna m\u0131 ihtiyac\u0131n\u0131z var? Almanya\u2019da sa\u011fl\u0131k hizmet standart kalitesi \u00e7ok y\u00fcksektir. Homeopati, Hahnemann Derne\u011fi (Hahnemann Association) \u00fcyelerinin hepsinin mesleki alanda tecr\u00fcbelidir. Hepsi \u00e7ok deneyimli ve homeopati konusunda uzmanla\u015fm\u0131\u015f doktorlard\u0131r....","protected":false},"author":2,"featured_media":0,"parent":0,"menu_order":100,"comment_status":"closed","ping_status":"closed","template":"","meta":{"_acf_changed":false,"footnotes":""},"acf":[],"yoast_head":"<!-- This site is optimized with the Yoast SEO plugin v23.0 - https:\/\/yoast.com\/wordpress\/plugins\/seo\/ -->\n<title>Uluslararas\u0131 ofis - Hahnemann Gesellschaft<\/title>\n<meta name=\"robots\" content=\"index, follow, max-snippet:-1, max-image-preview:large, max-video-preview:-1\" \/>\n<link rel=\"canonical\" href=\"https:\/\/neu.hahnemann-gesellschaft.de\/tr\/uluslararasi-ofis\/\" \/>\n<meta property=\"og:locale\" content=\"tr_TR\" \/>\n<meta property=\"og:type\" content=\"article\" \/>\n<meta property=\"og:title\" content=\"Uluslararas\u0131 ofis - Hahnemann Gesellschaft\" \/>\n<meta property=\"og:url\" content=\"https:\/\/neu.hahnemann-gesellschaft.de\/tr\/uluslararasi-ofis\/\" \/>\n<meta property=\"og:site_name\" content=\"Hahnemann Gesellschaft\" \/>\n<meta property=\"article:publisher\" content=\"https:\/\/www.facebook.com\/HahnemannGER\" \/>\n<meta property=\"article:modified_time\" content=\"2020-06-24T17:13:47+00:00\" \/>\n<meta name=\"twitter:card\" content=\"summary_large_image\" \/>\n<meta name=\"twitter:site\" content=\"@HahnemannDE\" \/>\n<meta name=\"twitter:label1\" content=\"Tahmini okuma s\u00fcresi\" \/>\n\t<meta name=\"twitter:data1\" content=\"2 dakika\" \/>\n<script type=\"application\/ld+json\" class=\"yoast-schema-graph\">{\"@context\":\"https:\/\/schema.org\",\"@graph\":[{\"@type\":\"WebPage\",\"@id\":\"https:\/\/neu.hahnemann-gesellschaft.de\/tr\/uluslararasi-ofis\/\",\"url\":\"https:\/\/neu.hahnemann-gesellschaft.de\/tr\/uluslararasi-ofis\/\",\"name\":\"Uluslararas\u0131 ofis - Hahnemann Gesellschaft\",\"isPartOf\":{\"@id\":\"https:\/\/www.hahnemann-gesellschaft.de\/tr\/#website\"},\"datePublished\":\"2020-06-12T12:18:37+00:00\",\"dateModified\":\"2020-06-24T17:13:47+00:00\",\"breadcrumb\":{\"@id\":\"https:\/\/neu.hahnemann-gesellschaft.de\/tr\/uluslararasi-ofis\/#breadcrumb\"},\"inLanguage\":\"tr\",\"potentialAction\":[{\"@type\":\"ReadAction\",\"target\":[\"https:\/\/neu.hahnemann-gesellschaft.de\/tr\/uluslararasi-ofis\/\"]}]},{\"@type\":\"BreadcrumbList\",\"@id\":\"https:\/\/neu.hahnemann-gesellschaft.de\/tr\/uluslararasi-ofis\/#breadcrumb\",\"itemListElement\":[{\"@type\":\"ListItem\",\"position\":1,\"name\":\"Startseite\",\"item\":\"https:\/\/www.hahnemann-gesellschaft.de\/tr\/\"},{\"@type\":\"ListItem\",\"position\":2,\"name\":\"Uluslararas\u0131 ofis\"}]},{\"@type\":\"WebSite\",\"@id\":\"https:\/\/www.hahnemann-gesellschaft.de\/tr\/#website\",\"url\":\"https:\/\/www.hahnemann-gesellschaft.de\/tr\/\",\"name\":\"Hahnemann Gesellschaft\",\"description\":\"\",\"publisher\":{\"@id\":\"https:\/\/www.hahnemann-gesellschaft.de\/tr\/#organization\"},\"potentialAction\":[{\"@type\":\"SearchAction\",\"target\":{\"@type\":\"EntryPoint\",\"urlTemplate\":\"https:\/\/www.hahnemann-gesellschaft.de\/tr\/?s={search_term_string}\"},\"query-input\":\"required name=search_term_string\"}],\"inLanguage\":\"tr\"},{\"@type\":\"Organization\",\"@id\":\"https:\/\/www.hahnemann-gesellschaft.de\/tr\/#organization\",\"name\":\"Hahnemann Gesellschaft\",\"url\":\"https:\/\/www.hahnemann-gesellschaft.de\/tr\/\",\"logo\":{\"@type\":\"ImageObject\",\"inLanguage\":\"tr\",\"@id\":\"https:\/\/www.hahnemann-gesellschaft.de\/tr\/#\/schema\/logo\/image\/\",\"url\":\"https:\/\/www.hahnemann-gesellschaft.de\/wp-content\/uploads\/2020\/06\/hahneman-gesellschaft_72.jpg\",\"contentUrl\":\"https:\/\/www.hahnemann-gesellschaft.de\/wp-content\/uploads\/2020\/06\/hahneman-gesellschaft_72.jpg\",\"width\":830,\"height\":213,\"caption\":\"Hahnemann Gesellschaft\"},\"image\":{\"@id\":\"https:\/\/www.hahnemann-gesellschaft.de\/tr\/#\/schema\/logo\/image\/\"},\"sameAs\":[\"https:\/\/www.facebook.com\/HahnemannGER\",\"https:\/\/x.com\/HahnemannDE\"]}]}<\/script>\n<!-- \/ Yoast SEO plugin. -->","yoast_head_json":{"title":"Uluslararas\u0131 ofis - Hahnemann Gesellschaft","robots":{"index":"index","follow":"follow","max-snippet":"max-snippet:-1","max-image-preview":"max-image-preview:large","max-video-preview":"max-video-preview:-1"},"canonical":"https:\/\/neu.hahnemann-gesellschaft.de\/tr\/uluslararasi-ofis\/","og_locale":"tr_TR","og_type":"article","og_title":"Uluslararas\u0131 ofis - Hahnemann Gesellschaft","og_url":"https:\/\/neu.hahnemann-gesellschaft.de\/tr\/uluslararasi-ofis\/","og_site_name":"Hahnemann Gesellschaft","article_publisher":"https:\/\/www.facebook.com\/HahnemannGER","article_modified_time":"2020-06-24T17:13:47+00:00","twitter_card":"summary_large_image","twitter_site":"@HahnemannDE","twitter_misc":{"Tahmini okuma s\u00fcresi":"2 dakika"},"schema":{"@context":"https:\/\/schema.org","@graph":[{"@type":"WebPage","@id":"https:\/\/neu.hahnemann-gesellschaft.de\/tr\/uluslararasi-ofis\/","url":"https:\/\/neu.hahnemann-gesellschaft.de\/tr\/uluslararasi-ofis\/","name":"Uluslararas\u0131 ofis - Hahnemann Gesellschaft","isPartOf":{"@id":"https:\/\/www.hahnemann-gesellschaft.de\/tr\/#website"},"datePublished":"2020-06-12T12:18:37+00:00","dateModified":"2020-06-24T17:13:47+00:00","breadcrumb":{"@id":"https:\/\/neu.hahnemann-gesellschaft.de\/tr\/uluslararasi-ofis\/#breadcrumb"},"inLanguage":"tr","potentialAction":[{"@type":"ReadAction","target":["https:\/\/neu.hahnemann-gesellschaft.de\/tr\/uluslararasi-ofis\/"]}]},{"@type":"BreadcrumbList","@id":"https:\/\/neu.hahnemann-gesellschaft.de\/tr\/uluslararasi-ofis\/#breadcrumb","itemListElement":[{"@type":"ListItem","position":1,"name":"Startseite","item":"https:\/\/www.hahnemann-gesellschaft.de\/tr\/"},{"@type":"ListItem","position":2,"name":"Uluslararas\u0131 ofis"}]},{"@type":"WebSite","@id":"https:\/\/www.hahnemann-gesellschaft.de\/tr\/#website","url":"https:\/\/www.hahnemann-gesellschaft.de\/tr\/","name":"Hahnemann Gesellschaft","description":"","publisher":{"@id":"https:\/\/www.hahnemann-gesellschaft.de\/tr\/#organization"},"potentialAction":[{"@type":"SearchAction","target":{"@type":"EntryPoint","urlTemplate":"https:\/\/www.hahnemann-gesellschaft.de\/tr\/?s={search_term_string}"},"query-input":"required name=search_term_string"}],"inLanguage":"tr"},{"@type":"Organization","@id":"https:\/\/www.hahnemann-gesellschaft.de\/tr\/#organization","name":"Hahnemann Gesellschaft","url":"https:\/\/www.hahnemann-gesellschaft.de\/tr\/","logo":{"@type":"ImageObject","inLanguage":"tr","@id":"https:\/\/www.hahnemann-gesellschaft.de\/tr\/#\/schema\/logo\/image\/","url":"https:\/\/www.hahnemann-gesellschaft.de\/wp-content\/uploads\/2020\/06\/hahneman-gesellschaft_72.jpg","contentUrl":"https:\/\/www.hahnemann-gesellschaft.de\/wp-content\/uploads\/2020\/06\/hahneman-gesellschaft_72.jpg","width":830,"height":213,"caption":"Hahnemann Gesellschaft"},"image":{"@id":"https:\/\/www.hahnemann-gesellschaft.de\/tr\/#\/schema\/logo\/image\/"},"sameAs":["https:\/\/www.facebook.com\/HahnemannGER","https:\/\/x.com\/HahnemannDE"]}]}},"_links":{"self":[{"href":"https:\/\/neu.hahnemann-gesellschaft.de\/tr\/wp-json\/wp\/v2\/pages\/2004"}],"collection":[{"href":"https:\/\/neu.hahnemann-gesellschaft.de\/tr\/wp-json\/wp\/v2\/pages"}],"about":[{"href":"https:\/\/neu.hahnemann-gesellschaft.de\/tr\/wp-json\/wp\/v2\/types\/page"}],"author":[{"embeddable":true,"href":"https:\/\/neu.hahnemann-gesellschaft.de\/tr\/wp-json\/wp\/v2\/users\/2"}],"replies":[{"embeddable":true,"href":"https:\/\/neu.hahnemann-gesellschaft.de\/tr\/wp-json\/wp\/v2\/comments?post=2004"}],"version-history":[{"count":6,"href":"https:\/\/neu.hahnemann-gesellschaft.de\/tr\/wp-json\/wp\/v2\/pages\/2004\/revisions"}],"predecessor-version":[{"id":2509,"href":"https:\/\/neu.hahnemann-gesellschaft.de\/tr\/wp-json\/wp\/v2\/pages\/2004\/revisions\/2509"}],"wp:attachment":[{"href":"https:\/\/neu.hahnemann-gesellschaft.de\/tr\/wp-json\/wp\/v2\/media?parent=2004"}],"curies":[{"name":"wp","href":"https:\/\/api.w.org\/{rel}","templated":true}]}}