{"id":1988,"date":"2020-06-12T13:51:39","date_gmt":"2020-06-12T11:51:39","guid":{"rendered":"http:\/\/neu.hahnemann-gesellschaft.de\/?page_id=1988"},"modified":"2020-06-22T07:10:11","modified_gmt":"2020-06-22T05:10:11","slug":"ana-sayfa","status":"publish","type":"page","link":"https:\/\/neu.hahnemann-gesellschaft.de\/tr\/","title":{"rendered":"Ana Sayfa"},"content":{"rendered":"<section class=\"l-section wpb_row height_large\"><div class=\"l-section-h i-cf\"><div class=\"g-cols vc_row via_flex valign_top type_default stacking_default\"><div class=\"vc_col-sm-12 wpb_column vc_column_container\"><div class=\"vc_column-inner\"><div class=\"wpb_wrapper\"><div class=\"wpb_text_column\"><div class=\"wpb_wrapper\"><h1 style=\"text-align: center;\">Klasik homeopatik doktor \u00e7al\u0131\u015fma grubu<\/h1>\n<\/div><\/div><\/div><\/div><\/div><\/div><\/div><\/section><section class=\"l-section wpb_row boxshadow height_medium color_alternate\"><div class=\"l-section-h i-cf\"><div class=\"g-cols vc_row via_flex valign_top type_default stacking_default\"><div class=\"vc_col-sm-4 wpb_column vc_column_container\"><div class=\"vc_column-inner\"><div class=\"wpb_wrapper\"><div class=\"wpb_text_column\"><div class=\"wpb_wrapper\"><h3>Ara\u015ft\u0131rmalar<\/h3>\n<p>Homeopati\u00a0\u00a0 alan\u0131ndaki\u00a0\u00a0 uzmanl\u0131\u011f\u0131m\u0131z, hem ulusal hem de uluslararas\u0131\u00a0 ara\u015ft\u0131rmaya\u00a0 olan\u00a0 ilgimizin\u00a0 a\u011f\u0131rl\u0131\u011f\u0131n\u0131\u00a0 ortaya\u00a0 koymaktad\u0131r. Ba\u015fl\u0131ca\u00a0 a\u011f\u0131rl\u0131k noktalar\u0131m\u0131z\u00a0 klinik\u00a0 ara\u015ft\u0131rmalar, temel\u00a0 sorunlar\u00a0 ve\u00a0 e\u011fitim\u00a0 alan\u0131ndaki\u00a0 ara\u015ft\u0131rmalard\u0131r. Kantitatif\u00a0 ara\u015ft\u0131rma\u00a0 alanlar\u0131ndaki\u00a0 sorular\u0131n\u00a0 \u00e7\u00f6z\u00fcmlerine\u00a0 ek olarak, kalitatif\u00a0 alanlar\u0131 \u00a0\u00a0da g\u00f6z \u00f6n\u00fcnde\u00a0 bulundurmaktay\u0131z\u00a0 ve\u00a0 ayn\u0131\u00a0 zamanda eksperimental yeni ara\u015ft\u0131rma metodlar\u0131\u00a0 ilgi\u00a0 oda\u011f\u0131m\u0131zd\u0131r. Taahh\u00fcd\u00fcm\u00fcz\u00a0 ortak\u00a0 faydaya\u00a0 hizmet\u00a0 eder. Ara\u015ft\u0131rmam\u0131z sonu\u00e7lara\u00a0 a\u00e7\u0131kt\u0131r. Ba\u011f\u0131ms\u0131zl\u0131k\u00a0 i\u00e7inde\u00a0 geli\u015fmektedir.<\/p>\n<\/div><\/div><div class=\"w-btn-wrapper align_none\"><a class=\"w-btn us-btn-style_4\" title=\"Forschung\" href=\"http:\/\/neu.hahnemann-gesellschaft.de\/forschung\/\"><span class=\"w-btn-label\">dahafazla\u2026<\/span><\/a><\/div><\/div><\/div><\/div><div class=\"vc_col-sm-4 wpb_column vc_column_container\"><div class=\"vc_column-inner\"><div class=\"wpb_wrapper\"><div class=\"wpb_text_column\"><div class=\"wpb_wrapper\"><h3>Projeler<\/h3>\n<p>Bizim\u00a0 hekimler\u00a0 olarak\u00a0 \u00f6ncelikli\u00a0 amac\u0131m\u0131z,\u00a0 insanlar\u0131\u00a0 sa\u011fl\u0131\u011f\u0131na\u00a0 kavu\u015fturmakt\u0131r. Projelerimiz\u00a0 sayesinde, homeopatiyi en \u00fcst\u00a0 d\u00fczeyde\u00a0 t\u00fcm\u00a0 vatanda\u015flara\u00a0 ula\u015f\u0131labilir\u00a0 hale\u00a0 getirip\u00a0 serbest\u00e7e\u00a0 se\u00e7ime\u00a0\u00a0 sunmak\u00a0 istiyoruz. Bunu\u00a0 ba\u015farmak\u00a0 i\u00e7in\u00a0 ara\u015ft\u0131rma, politika\u00a0 ve\u00a0 \u00f6\u011fretime\u00a0 \u00f6nem\u00a0\u00a0 veriyoruz. Bu projelerle toplumumuzdaki bilimsel temelli devlet ve siyasi \u00f6nlemler alan karar mekanizmalar\u0131na yard\u0131m ve katk\u0131da bulunmak ve homeopatinin akademizasyonunu ilerletmek\u00a0 istiyoruz.<\/p>\n<\/div><\/div><div class=\"w-btn-wrapper align_none\"><a class=\"w-btn us-btn-style_4\" title=\"Forschung\" href=\"http:\/\/neu.hahnemann-gesellschaft.de\/projekte\/\"><span class=\"w-btn-label\">dahafazla\u2026<\/span><\/a><\/div><\/div><\/div><\/div><div class=\"vc_col-sm-4 wpb_column vc_column_container\"><div class=\"vc_column-inner\"><div class=\"wpb_wrapper\"><div class=\"wpb_text_column\"><div class=\"wpb_wrapper\"><h3>\u00dcyeler<\/h3>\n<p>\u00dcyelerimiz\u00a0 homeopati\u00a0 kullan\u0131m\u0131ndaki \u00fcst\u00fcn klinik deneyimleriyle fark yarat\u0131yorlar. \u00a0Bilgileri kesinlikle \u00a0Samuel \u00a0Hahnemann&#8217;\u0131n ara\u015ft\u0131rma sonu\u00e7lar\u0131na dayanmaktad\u0131r. Derne\u011fimizin \u00fcyeleri \u00f6nemli ve sonu\u00e7 odakl\u0131 bilimsel \u00e7al\u0131\u015fmalar\u0131 geli\u015ftirmekte ve te\u015fvik etmektedirler.\u00a0 \u00dcyelerimiz kar\u015f\u0131l\u0131kl\u0131 olarak \u00f6\u011frenme ve e\u011fitim\u00a0 proseslerini\u00a0 desteklemektedirler. Bilgilerini s\u00fcrekli\u00a0 olarak g\u00fcncel ara\u015ft\u0131rmalar\u0131n \u0131\u015f\u0131\u011f\u0131nda aktuel duruma uygun hale getirmektedirler. T\u00fcm\u00a0 \u00fcyelerimiz &#8220;iyi bilimsel uygulamalardan&#8221; \u00f6d\u00fcn vermemektedirler.<\/p>\n<\/div><\/div><\/div><\/div><\/div><\/div><\/div><\/section><section class=\"l-section wpb_row height_large\"><div class=\"l-section-h i-cf\"><div class=\"g-cols vc_row via_flex valign_top type_default stacking_default\"><div class=\"vc_col-sm-12 wpb_column vc_column_container\"><div class=\"vc_column-inner\"><div class=\"wpb_wrapper\"><div class=\"wpb_text_column\"><div class=\"wpb_wrapper\"><h2 style=\"text-align: center;\">Akt\u00fcel<\/h2>\n<\/div><\/div><div class=\"w-separator size_medium\"><\/div><div class=\"w-grid type_masonry layout_25 no_results_hide_grid cols_3 overflow_hidden with_isotope\" id=\"us_grid_1\" data-filterable=\"true\"><style>#us_grid_1 .w-grid-item{padding:0.8rem}#us_grid_1 .w-grid-list{margin:-0.8rem -0.8rem 0.8rem}.w-grid + #us_grid_1 .w-grid-list,.w-grid-none + #us_grid_1 .w-grid-list{margin-top:0.8rem}@media (max-width:899px){#us_grid_1 .w-grid-item{width:50%}}@media (max-width:599px){#us_grid_1 .w-grid-list{margin:0}#us_grid_1 .w-grid-item{width:100%;padding:0;margin-bottom:0.8rem}}.layout_25 .w-grid-item-h{background:#ffffff;color:#707070;border-radius:0.3rem;box-shadow:0 0.03rem 0.06rem rgba(0,0,0,0.1),0 0.1rem 0.3rem rgba(0,0,0,0.1);transition-duration:0.3s}.no-touch .layout_25 .w-grid-item-h:hover{box-shadow:0 0.1rem 0.2rem rgba(0,0,0,0.1),0 0.33rem 1rem rgba(0,0,0,0.15);z-index:4}.layout_25 .usg_post_title_1{font-weight:700!important;font-size:1.2rem!important}.layout_25 .usg_vwrapper_1{padding:9% 11% 11% 11%!important}.layout_25 .usg_hwrapper_1{color:#999!important;font-size:0.9rem!important}@media (max-width:600px){.layout_25 .usg_post_title_1{font-size:1.2rem!important}}<\/style><div class=\"w-grid-list\"><\/div><div class=\"w-grid-preloader\"><div class=\"g-preloader type_1\">\r\n\t<div><\/div>\r\n<\/div>\r\n<\/div>\t<div class=\"w-grid-json hidden\" onclick='return {&quot;action&quot;:&quot;us_ajax_grid&quot;,&quot;ajax_url&quot;:&quot;https:\\\/\\\/neu.hahnemann-gesellschaft.de\\\/wp-admin\\\/admin-ajax.php&quot;,&quot;infinite_scroll&quot;:0,&quot;max_num_pages&quot;:0,&quot;pagination&quot;:&quot;ajax&quot;,&quot;permalink_url&quot;:&quot;https:\\\/\\\/neu.hahnemann-gesellschaft.de\\\/tr\\\/wp-json\\\/wp\\\/v2\\\/pages\\\/1988\\\/&quot;,&quot;template_vars&quot;:{&quot;columns&quot;:&quot;3&quot;,&quot;exclude_items&quot;:&quot;none&quot;,&quot;img_size&quot;:&quot;default&quot;,&quot;ignore_items_size&quot;:false,&quot;items_layout&quot;:&quot;25&quot;,&quot;items_offset&quot;:&quot;1&quot;,&quot;load_animation&quot;:&quot;none&quot;,&quot;overriding_link&quot;:&quot;none&quot;,&quot;post_id&quot;:1988,&quot;query_args&quot;:{&quot;post_type&quot;:[&quot;post&quot;],&quot;post_status&quot;:[&quot;publish&quot;,&quot;acf-disabled&quot;],&quot;posts_per_page&quot;:&quot;10&quot;},&quot;orderby_query_args&quot;:{&quot;orderby&quot;:{&quot;date&quot;:&quot;DESC&quot;}},&quot;type&quot;:&quot;masonry&quot;,&quot;us_grid_ajax_index&quot;:1,&quot;us_grid_filter_params&quot;:null,&quot;us_grid_index&quot;:1,&quot;_us_grid_post_type&quot;:&quot;post&quot;,&quot;lang&quot;:&quot;tr&quot;}}'><\/div>\r\n\t<\/div><div class=\"w-grid-none type_message\">Herhangi bir sonu\u00e7 bulunamad\u0131.<\/div><\/div><\/div><\/div><\/div><\/div><\/section>\n","protected":false},"excerpt":{"rendered":"Klasik homeopatik doktor \u00e7al\u0131\u015fma grubu Ara\u015ft\u0131rmalar Homeopati\u00a0\u00a0 alan\u0131ndaki\u00a0\u00a0 uzmanl\u0131\u011f\u0131m\u0131z, hem ulusal hem de uluslararas\u0131\u00a0 ara\u015ft\u0131rmaya\u00a0 olan\u00a0 ilgimizin\u00a0 a\u011f\u0131rl\u0131\u011f\u0131n\u0131\u00a0 ortaya\u00a0 koymaktad\u0131r. Ba\u015fl\u0131ca\u00a0 a\u011f\u0131rl\u0131k noktalar\u0131m\u0131z\u00a0 klinik\u00a0 ara\u015ft\u0131rmalar, temel\u00a0 sorunlar\u00a0 ve\u00a0 e\u011fitim\u00a0 alan\u0131ndaki\u00a0 ara\u015ft\u0131rmalard\u0131r. Kantitatif\u00a0 ara\u015ft\u0131rma\u00a0 alanlar\u0131ndaki\u00a0 sorular\u0131n\u00a0 \u00e7\u00f6z\u00fcmlerine\u00a0 ek olarak, kalitatif\u00a0 alanlar\u0131 \u00a0\u00a0da g\u00f6z \u00f6n\u00fcnde\u00a0 bulundurmaktay\u0131z\u00a0 ve\u00a0 ayn\u0131\u00a0 zamanda eksperimental yeni ara\u015ft\u0131rma metodlar\u0131\u00a0 ilgi\u00a0 oda\u011f\u0131m\u0131zd\u0131r. Taahh\u00fcd\u00fcm\u00fcz\u00a0 ortak\u00a0...","protected":false},"author":2,"featured_media":0,"parent":0,"menu_order":10,"comment_status":"closed","ping_status":"closed","template":"","meta":{"_acf_changed":false,"footnotes":""},"acf":[],"yoast_head":"<!-- This site is optimized with the Yoast SEO plugin v23.0 - https:\/\/yoast.com\/wordpress\/plugins\/seo\/ -->\n<title>Ana Sayfa - Hahnemann Gesellschaft<\/title>\n<meta name=\"robots\" content=\"index, follow, max-snippet:-1, max-image-preview:large, max-video-preview:-1\" \/>\n<link rel=\"canonical\" href=\"https:\/\/neu.hahnemann-gesellschaft.de\/tr\/\" \/>\n<meta property=\"og:locale\" content=\"tr_TR\" \/>\n<meta property=\"og:type\" content=\"article\" \/>\n<meta property=\"og:title\" content=\"Ana Sayfa - Hahnemann Gesellschaft\" \/>\n<meta property=\"og:url\" content=\"https:\/\/neu.hahnemann-gesellschaft.de\/tr\/\" \/>\n<meta property=\"og:site_name\" content=\"Hahnemann Gesellschaft\" \/>\n<meta property=\"article:publisher\" content=\"https:\/\/www.facebook.com\/HahnemannGER\" \/>\n<meta property=\"article:modified_time\" content=\"2020-06-22T05:10:11+00:00\" \/>\n<meta name=\"twitter:card\" content=\"summary_large_image\" \/>\n<meta name=\"twitter:site\" content=\"@HahnemannDE\" \/>\n<meta name=\"twitter:label1\" content=\"Tahmini okuma s\u00fcresi\" \/>\n\t<meta name=\"twitter:data1\" content=\"2 dakika\" \/>\n<script type=\"application\/ld+json\" class=\"yoast-schema-graph\">{\"@context\":\"https:\/\/schema.org\",\"@graph\":[{\"@type\":\"WebPage\",\"@id\":\"https:\/\/neu.hahnemann-gesellschaft.de\/tr\/\",\"url\":\"https:\/\/neu.hahnemann-gesellschaft.de\/tr\/\",\"name\":\"Ana Sayfa - Hahnemann Gesellschaft\",\"isPartOf\":{\"@id\":\"https:\/\/www.hahnemann-gesellschaft.de\/tr\/#website\"},\"datePublished\":\"2020-06-12T11:51:39+00:00\",\"dateModified\":\"2020-06-22T05:10:11+00:00\",\"breadcrumb\":{\"@id\":\"https:\/\/neu.hahnemann-gesellschaft.de\/tr\/#breadcrumb\"},\"inLanguage\":\"tr\",\"potentialAction\":[{\"@type\":\"ReadAction\",\"target\":[\"https:\/\/neu.hahnemann-gesellschaft.de\/tr\/\"]}]},{\"@type\":\"BreadcrumbList\",\"@id\":\"https:\/\/neu.hahnemann-gesellschaft.de\/tr\/#breadcrumb\",\"itemListElement\":[{\"@type\":\"ListItem\",\"position\":1,\"name\":\"Startseite\",\"item\":\"https:\/\/www.hahnemann-gesellschaft.de\/tr\/\"},{\"@type\":\"ListItem\",\"position\":2,\"name\":\"Ana Sayfa\"}]},{\"@type\":\"WebSite\",\"@id\":\"https:\/\/www.hahnemann-gesellschaft.de\/tr\/#website\",\"url\":\"https:\/\/www.hahnemann-gesellschaft.de\/tr\/\",\"name\":\"Hahnemann Gesellschaft\",\"description\":\"\",\"publisher\":{\"@id\":\"https:\/\/www.hahnemann-gesellschaft.de\/tr\/#organization\"},\"potentialAction\":[{\"@type\":\"SearchAction\",\"target\":{\"@type\":\"EntryPoint\",\"urlTemplate\":\"https:\/\/www.hahnemann-gesellschaft.de\/tr\/?s={search_term_string}\"},\"query-input\":\"required name=search_term_string\"}],\"inLanguage\":\"tr\"},{\"@type\":\"Organization\",\"@id\":\"https:\/\/www.hahnemann-gesellschaft.de\/tr\/#organization\",\"name\":\"Hahnemann Gesellschaft\",\"url\":\"https:\/\/www.hahnemann-gesellschaft.de\/tr\/\",\"logo\":{\"@type\":\"ImageObject\",\"inLanguage\":\"tr\",\"@id\":\"https:\/\/www.hahnemann-gesellschaft.de\/tr\/#\/schema\/logo\/image\/\",\"url\":\"https:\/\/www.hahnemann-gesellschaft.de\/wp-content\/uploads\/2020\/06\/hahneman-gesellschaft_72.jpg\",\"contentUrl\":\"https:\/\/www.hahnemann-gesellschaft.de\/wp-content\/uploads\/2020\/06\/hahneman-gesellschaft_72.jpg\",\"width\":830,\"height\":213,\"caption\":\"Hahnemann Gesellschaft\"},\"image\":{\"@id\":\"https:\/\/www.hahnemann-gesellschaft.de\/tr\/#\/schema\/logo\/image\/\"},\"sameAs\":[\"https:\/\/www.facebook.com\/HahnemannGER\",\"https:\/\/x.com\/HahnemannDE\"]}]}<\/script>\n<!-- \/ Yoast SEO plugin. -->","yoast_head_json":{"title":"Ana Sayfa - Hahnemann Gesellschaft","robots":{"index":"index","follow":"follow","max-snippet":"max-snippet:-1","max-image-preview":"max-image-preview:large","max-video-preview":"max-video-preview:-1"},"canonical":"https:\/\/neu.hahnemann-gesellschaft.de\/tr\/","og_locale":"tr_TR","og_type":"article","og_title":"Ana Sayfa - Hahnemann Gesellschaft","og_url":"https:\/\/neu.hahnemann-gesellschaft.de\/tr\/","og_site_name":"Hahnemann Gesellschaft","article_publisher":"https:\/\/www.facebook.com\/HahnemannGER","article_modified_time":"2020-06-22T05:10:11+00:00","twitter_card":"summary_large_image","twitter_site":"@HahnemannDE","twitter_misc":{"Tahmini okuma s\u00fcresi":"2 dakika"},"schema":{"@context":"https:\/\/schema.org","@graph":[{"@type":"WebPage","@id":"https:\/\/neu.hahnemann-gesellschaft.de\/tr\/","url":"https:\/\/neu.hahnemann-gesellschaft.de\/tr\/","name":"Ana Sayfa - Hahnemann Gesellschaft","isPartOf":{"@id":"https:\/\/www.hahnemann-gesellschaft.de\/tr\/#website"},"datePublished":"2020-06-12T11:51:39+00:00","dateModified":"2020-06-22T05:10:11+00:00","breadcrumb":{"@id":"https:\/\/neu.hahnemann-gesellschaft.de\/tr\/#breadcrumb"},"inLanguage":"tr","potentialAction":[{"@type":"ReadAction","target":["https:\/\/neu.hahnemann-gesellschaft.de\/tr\/"]}]},{"@type":"BreadcrumbList","@id":"https:\/\/neu.hahnemann-gesellschaft.de\/tr\/#breadcrumb","itemListElement":[{"@type":"ListItem","position":1,"name":"Startseite","item":"https:\/\/www.hahnemann-gesellschaft.de\/tr\/"},{"@type":"ListItem","position":2,"name":"Ana Sayfa"}]},{"@type":"WebSite","@id":"https:\/\/www.hahnemann-gesellschaft.de\/tr\/#website","url":"https:\/\/www.hahnemann-gesellschaft.de\/tr\/","name":"Hahnemann Gesellschaft","description":"","publisher":{"@id":"https:\/\/www.hahnemann-gesellschaft.de\/tr\/#organization"},"potentialAction":[{"@type":"SearchAction","target":{"@type":"EntryPoint","urlTemplate":"https:\/\/www.hahnemann-gesellschaft.de\/tr\/?s={search_term_string}"},"query-input":"required name=search_term_string"}],"inLanguage":"tr"},{"@type":"Organization","@id":"https:\/\/www.hahnemann-gesellschaft.de\/tr\/#organization","name":"Hahnemann Gesellschaft","url":"https:\/\/www.hahnemann-gesellschaft.de\/tr\/","logo":{"@type":"ImageObject","inLanguage":"tr","@id":"https:\/\/www.hahnemann-gesellschaft.de\/tr\/#\/schema\/logo\/image\/","url":"https:\/\/www.hahnemann-gesellschaft.de\/wp-content\/uploads\/2020\/06\/hahneman-gesellschaft_72.jpg","contentUrl":"https:\/\/www.hahnemann-gesellschaft.de\/wp-content\/uploads\/2020\/06\/hahneman-gesellschaft_72.jpg","width":830,"height":213,"caption":"Hahnemann Gesellschaft"},"image":{"@id":"https:\/\/www.hahnemann-gesellschaft.de\/tr\/#\/schema\/logo\/image\/"},"sameAs":["https:\/\/www.facebook.com\/HahnemannGER","https:\/\/x.com\/HahnemannDE"]}]}},"_links":{"self":[{"href":"https:\/\/neu.hahnemann-gesellschaft.de\/tr\/wp-json\/wp\/v2\/pages\/1988"}],"collection":[{"href":"https:\/\/neu.hahnemann-gesellschaft.de\/tr\/wp-json\/wp\/v2\/pages"}],"about":[{"href":"https:\/\/neu.hahnemann-gesellschaft.de\/tr\/wp-json\/wp\/v2\/types\/page"}],"author":[{"embeddable":true,"href":"https:\/\/neu.hahnemann-gesellschaft.de\/tr\/wp-json\/wp\/v2\/users\/2"}],"replies":[{"embeddable":true,"href":"https:\/\/neu.hahnemann-gesellschaft.de\/tr\/wp-json\/wp\/v2\/comments?post=1988"}],"version-history":[{"count":7,"href":"https:\/\/neu.hahnemann-gesellschaft.de\/tr\/wp-json\/wp\/v2\/pages\/1988\/revisions"}],"predecessor-version":[{"id":2456,"href":"https:\/\/neu.hahnemann-gesellschaft.de\/tr\/wp-json\/wp\/v2\/pages\/1988\/revisions\/2456"}],"wp:attachment":[{"href":"https:\/\/neu.hahnemann-gesellschaft.de\/tr\/wp-json\/wp\/v2\/media?parent=1988"}],"curies":[{"name":"wp","href":"https:\/\/api.w.org\/{rel}","templated":true}]}}